{"id":689,"date":"2023-09-14T09:51:44","date_gmt":"2023-09-14T13:51:44","guid":{"rendered":"https:\/\/cmie.ca\/about-the-cmiedf\/"},"modified":"2023-11-13T17:30:09","modified_gmt":"2023-11-13T22:30:09","slug":"a-propos-du-fonds-de-developpement-de-lecosysteme-canadien-des-isotopes-medicaux","status":"publish","type":"page","link":"https:\/\/cmie.ca\/fr\/a-propos-du-fonds-de-developpement-de-lecosysteme-canadien-des-isotopes-medicaux\/","title":{"rendered":"\u00c0 propos de l&rsquo;\u00c9CIM"},"content":{"rendered":"\t\t<div data-elementor-type=\"wp-page\" data-elementor-id=\"689\" class=\"elementor elementor-689 elementor-16\" data-elementor-post-type=\"page\">\n\t\t\t\t<div class=\"elementor-element elementor-element-1239d61 e-flex e-con-boxed e-con e-parent\" data-id=\"1239d61\" data-element_type=\"container\" id=\"blue\" data-settings=\"{&quot;background_background&quot;:&quot;classic&quot;}\">\n\t\t\t\t\t<div class=\"e-con-inner\">\n\t\t\t\t<div class=\"elementor-element elementor-element-feddb0a elementor-widget elementor-widget-heading\" data-id=\"feddb0a\" data-element_type=\"widget\" id=\"gradient-text\" data-widget_type=\"heading.default\">\n\t\t\t\t<div class=\"elementor-widget-container\">\n\t\t\t\t\t<h2 class=\"elementor-heading-title elementor-size-default\">\u00c0 propos de l'\u00c9CIM<\/h2>\t\t\t\t<\/div>\n\t\t\t\t<\/div>\n\t\t\t\t\t<\/div>\n\t\t\t\t<\/div>\n\t\t<div class=\"elementor-element elementor-element-5ba8527 e-flex e-con-boxed e-con e-parent\" data-id=\"5ba8527\" data-element_type=\"container\" id=\"blue\" data-settings=\"{&quot;background_background&quot;:&quot;classic&quot;}\">\n\t\t\t\t\t<div class=\"e-con-inner\">\n\t\t<div class=\"elementor-element elementor-element-1b6ecdd e-con-full e-flex e-con e-child\" data-id=\"1b6ecdd\" data-element_type=\"container\">\n\t\t\t\t<div class=\"elementor-element elementor-element-6368119 animated-slow elementor-invisible elementor-widget elementor-widget-text-editor\" data-id=\"6368119\" data-element_type=\"widget\" data-settings=\"{&quot;_animation&quot;:&quot;fadeIn&quot;}\" data-widget_type=\"text-editor.default\">\n\t\t\t\t<div class=\"elementor-widget-container\">\n\t\t\t\t\t\t\t\t\t<p>L&rsquo;\u00e9cosyst\u00e8me canadien des isotopes m\u00e9dicaux (\u00c9CIM) repr\u00e9sente une communaut\u00e9 dynamique \u00e0 l&rsquo;\u00e9chelle nationale qui se consacre au renforcement du secteur canadien des isotopes m\u00e9dicaux en fournissant des ressources pour relier les organisations, cr\u00e9er de nouveaux emplois et, gr\u00e2ce \u00e0 notre Fonds de D\u00e9veloppement, financer la prochaine g\u00e9n\u00e9ration d&rsquo;isotopes m\u00e9dicaux programmes isotopiques.<\/p><p>Dirig\u00e9 par TRIUMF Innovations et le Centre de d\u00e9veloppement et de commercialisation de sondes, le Fonds de D\u00e9veloppement est soutenu par le Fonds Strat\u00e9gique pour l\u2019Innovation du Gouvernement du Canada. Le Fonds de D\u00e9veloppement est une initiative de 80 millions de dollars qui vise \u00e0 f\u00e9d\u00e9rer un large \u00e9ventail d\u2019intervenants du secteur des isotopes m\u00e9dicaux et \u00e0 acc\u00e9l\u00e9rer le d\u00e9veloppement et la commercialisation de technologies.<\/p>\t\t\t\t\t\t\t\t<\/div>\n\t\t\t\t<\/div>\n\t\t\t\t<div class=\"elementor-element elementor-element-c9fd9ab elementor-widget elementor-widget-spacer\" data-id=\"c9fd9ab\" data-element_type=\"widget\" data-widget_type=\"spacer.default\">\n\t\t\t\t<div class=\"elementor-widget-container\">\n\t\t\t\t\t\t\t<div class=\"elementor-spacer\">\n\t\t\t<div class=\"elementor-spacer-inner\"><\/div>\n\t\t<\/div>\n\t\t\t\t\t\t<\/div>\n\t\t\t\t<\/div>\n\t\t\t\t<\/div>\n\t\t<div class=\"elementor-element elementor-element-6f32745 e-con-full e-flex e-con e-child\" data-id=\"6f32745\" data-element_type=\"container\">\n\t\t\t\t<\/div>\n\t\t\t\t\t<\/div>\n\t\t\t\t<\/div>\n\t\t<div class=\"elementor-element elementor-element-34bb5ac e-flex e-con-boxed e-con e-parent\" data-id=\"34bb5ac\" data-element_type=\"container\" data-settings=\"{&quot;background_background&quot;:&quot;classic&quot;}\">\n\t\t\t\t\t<div class=\"e-con-inner\">\n\t\t\t\t<div class=\"elementor-element elementor-element-f87ac92 elementor-widget elementor-widget-spacer\" data-id=\"f87ac92\" data-element_type=\"widget\" data-widget_type=\"spacer.default\">\n\t\t\t\t<div class=\"elementor-widget-container\">\n\t\t\t\t\t\t\t<div class=\"elementor-spacer\">\n\t\t\t<div class=\"elementor-spacer-inner\"><\/div>\n\t\t<\/div>\n\t\t\t\t\t\t<\/div>\n\t\t\t\t<\/div>\n\t\t\t\t\t<\/div>\n\t\t\t\t<\/div>\n\t\t<div class=\"elementor-element elementor-element-f74af7b e-flex e-con-boxed e-con e-parent\" data-id=\"f74af7b\" data-element_type=\"container\" data-settings=\"{&quot;background_background&quot;:&quot;classic&quot;}\">\n\t\t\t\t\t<div class=\"e-con-inner\">\n\t\t<div class=\"elementor-element elementor-element-9496c9a e-flex e-con-boxed e-con e-child\" data-id=\"9496c9a\" data-element_type=\"container\">\n\t\t\t\t\t<div class=\"e-con-inner\">\n\t\t\t\t<div class=\"elementor-element elementor-element-776fd62 elementor-widget elementor-widget-image\" data-id=\"776fd62\" data-element_type=\"widget\" data-widget_type=\"image.default\">\n\t\t\t\t<div class=\"elementor-widget-container\">\n\t\t\t\t\t\t\t\t\t\t\t\t\t\t\t<img fetchpriority=\"high\" decoding=\"async\" width=\"900\" height=\"600\" src=\"https:\/\/cmie.ca\/wp-content\/uploads\/2023\/11\/reactor-pool.jpg\" class=\"attachment-large size-large wp-image-2338\" alt=\"\" srcset=\"https:\/\/cmie.ca\/wp-content\/uploads\/2023\/11\/reactor-pool.jpg 900w, https:\/\/cmie.ca\/wp-content\/uploads\/2023\/11\/reactor-pool-300x200.jpg 300w, https:\/\/cmie.ca\/wp-content\/uploads\/2023\/11\/reactor-pool-768x512.jpg 768w\" sizes=\"(max-width: 900px) 100vw, 900px\" \/>\t\t\t\t\t\t\t\t\t\t\t\t\t\t\t<\/div>\n\t\t\t\t<\/div>\n\t\t\t\t<div class=\"elementor-element elementor-element-5c94297 elementor-widget__width-initial elementor-widget-mobile__width-initial elementor-widget elementor-widget-text-editor\" data-id=\"5c94297\" data-element_type=\"widget\" data-widget_type=\"text-editor.default\">\n\t\t\t\t<div class=\"elementor-widget-container\">\n\t\t\t\t\t\t\t\t\t<h4>NOTRE PLAN EST DE\u00a0:<\/h4><ul><li>Acc\u00e9l\u00e9rer la commercialisation des technologies isotopiques m\u00e9dicales \u00e0 un stade pr\u00e9coce<\/li><li>Favoriser la collaboration entre chercheurs, PME et organismes \u00e0 but non lucratif<\/li><li>D\u00e9velopper sur les investissements pass\u00e9s dans les infrastructures pour d\u00e9velopper les capacit\u00e9s de fabrication<\/li><\/ul>\t\t\t\t\t\t\t\t<\/div>\n\t\t\t\t<\/div>\n\t\t\t\t\t<\/div>\n\t\t\t\t<\/div>\n\t\t<div class=\"elementor-element elementor-element-3f68de2 e-flex e-con-boxed e-con e-child\" data-id=\"3f68de2\" data-element_type=\"container\">\n\t\t\t\t\t<div class=\"e-con-inner\">\n\t\t\t\t<div class=\"elementor-element elementor-element-dfdac77 elementor-widget__width-initial elementor-widget-mobile__width-initial elementor-widget elementor-widget-image\" data-id=\"dfdac77\" data-element_type=\"widget\" data-widget_type=\"image.default\">\n\t\t\t\t<div class=\"elementor-widget-container\">\n\t\t\t\t\t\t\t\t\t\t\t\t\t\t\t<img decoding=\"async\" width=\"1024\" height=\"683\" src=\"https:\/\/cmie.ca\/wp-content\/uploads\/2023\/11\/AdobeStock_383186894-scaled-1-1024x683.jpeg\" class=\"attachment-large size-large wp-image-2340\" alt=\"\" srcset=\"https:\/\/cmie.ca\/wp-content\/uploads\/2023\/11\/AdobeStock_383186894-scaled-1-1024x683.jpeg 1024w, https:\/\/cmie.ca\/wp-content\/uploads\/2023\/11\/AdobeStock_383186894-scaled-1-300x200.jpeg 300w, https:\/\/cmie.ca\/wp-content\/uploads\/2023\/11\/AdobeStock_383186894-scaled-1-768x512.jpeg 768w, https:\/\/cmie.ca\/wp-content\/uploads\/2023\/11\/AdobeStock_383186894-scaled-1-1536x1024.jpeg 1536w, https:\/\/cmie.ca\/wp-content\/uploads\/2023\/11\/AdobeStock_383186894-scaled-1-2048x1366.jpeg 2048w\" sizes=\"(max-width: 1024px) 100vw, 1024px\" \/>\t\t\t\t\t\t\t\t\t\t\t\t\t\t\t<\/div>\n\t\t\t\t<\/div>\n\t\t\t\t<div class=\"elementor-element elementor-element-58cb4b7 elementor-widget__width-initial elementor-widget elementor-widget-text-editor\" data-id=\"58cb4b7\" data-element_type=\"widget\" data-widget_type=\"text-editor.default\">\n\t\t\t\t<div class=\"elementor-widget-container\">\n\t\t\t\t\t\t\t\t\t<h4>Nous visons a :<\/h4><ul><li>Faire du Canada un p\u00f4le d\u2019innovation.<\/li><li>Attirer les investissements dans le secteur des isotopes m\u00e9dicaux.<\/li><li>D\u00e9velopper l\u2019industrie gr\u00e2ce \u00e0 la cr\u00e9ation d\u2019entreprises<\/li><li>Cr\u00e9er des centaines d&#8217;emplois hautement qualifies<\/li><\/ul>\t\t\t\t\t\t\t\t<\/div>\n\t\t\t\t<\/div>\n\t\t\t\t\t<\/div>\n\t\t\t\t<\/div>\n\t\t<div class=\"elementor-element elementor-element-fee960f e-flex e-con-boxed e-con e-child\" data-id=\"fee960f\" data-element_type=\"container\">\n\t\t\t\t\t<div class=\"e-con-inner\">\n\t\t\t\t<div class=\"elementor-element elementor-element-da1d72f elementor-widget__width-initial elementor-widget elementor-widget-image\" data-id=\"da1d72f\" data-element_type=\"widget\" data-widget_type=\"image.default\">\n\t\t\t\t<div class=\"elementor-widget-container\">\n\t\t\t\t\t\t\t\t\t\t\t\t\t\t\t<img decoding=\"async\" width=\"1024\" height=\"683\" src=\"https:\/\/cmie.ca\/wp-content\/uploads\/2023\/11\/AdobeStock_573582817-scaled-1-1024x683.jpeg\" class=\"attachment-large size-large wp-image-2342\" alt=\"\" srcset=\"https:\/\/cmie.ca\/wp-content\/uploads\/2023\/11\/AdobeStock_573582817-scaled-1-1024x683.jpeg 1024w, https:\/\/cmie.ca\/wp-content\/uploads\/2023\/11\/AdobeStock_573582817-scaled-1-300x200.jpeg 300w, https:\/\/cmie.ca\/wp-content\/uploads\/2023\/11\/AdobeStock_573582817-scaled-1-768x512.jpeg 768w, https:\/\/cmie.ca\/wp-content\/uploads\/2023\/11\/AdobeStock_573582817-scaled-1-1536x1024.jpeg 1536w, https:\/\/cmie.ca\/wp-content\/uploads\/2023\/11\/AdobeStock_573582817-scaled-1-2048x1366.jpeg 2048w\" sizes=\"(max-width: 1024px) 100vw, 1024px\" \/>\t\t\t\t\t\t\t\t\t\t\t\t\t\t\t<\/div>\n\t\t\t\t<\/div>\n\t\t\t\t<div class=\"elementor-element elementor-element-51c1dae elementor-widget__width-initial elementor-widget-mobile__width-initial elementor-widget elementor-widget-text-editor\" data-id=\"51c1dae\" data-element_type=\"widget\" data-widget_type=\"text-editor.default\">\n\t\t\t\t<div class=\"elementor-widget-container\">\n\t\t\t\t\t\t\t\t\t<h4>Nous allons :<\/h4><ul><li>Positionner le Canada comme plaque tournante de la fabrication et de l\u2019exportation d\u2019isotopes m\u00e9dicaux.<\/li><li>Veiller \u00e0 ce que les Canadiens aient pleinement acc\u00e8s aux technologies isotopiques m\u00e9dicales de la nouvelle g\u00e9n\u00e9ration.<\/li><li>Soutenir le d\u00e9veloppement \u00e9conomique<\/li><\/ul>\t\t\t\t\t\t\t\t<\/div>\n\t\t\t\t<\/div>\n\t\t\t\t\t<\/div>\n\t\t\t\t<\/div>\n\t\t\t\t\t<\/div>\n\t\t\t\t<\/div>\n\t\t<div class=\"elementor-element elementor-element-41b3d05 e-flex e-con-boxed e-con e-parent\" data-id=\"41b3d05\" data-element_type=\"container\" id=\"gradient\">\n\t\t\t\t\t<div class=\"e-con-inner\">\n\t\t\t\t<div class=\"elementor-element elementor-element-34a150f elementor-widget elementor-widget-spacer\" data-id=\"34a150f\" data-element_type=\"widget\" data-widget_type=\"spacer.default\">\n\t\t\t\t<div class=\"elementor-widget-container\">\n\t\t\t\t\t\t\t<div class=\"elementor-spacer\">\n\t\t\t<div class=\"elementor-spacer-inner\"><\/div>\n\t\t<\/div>\n\t\t\t\t\t\t<\/div>\n\t\t\t\t<\/div>\n\t\t\t\t<div class=\"elementor-element elementor-element-408cd86 animated-slow elementor-invisible elementor-widget elementor-widget-heading\" data-id=\"408cd86\" data-element_type=\"widget\" data-settings=\"{&quot;_animation&quot;:&quot;fadeInUp&quot;}\" data-widget_type=\"heading.default\">\n\t\t\t\t<div class=\"elementor-widget-container\">\n\t\t\t\t\t<h2 class=\"elementor-heading-title elementor-size-default\">Impacts de \u00c9CIM<\/h2>\t\t\t\t<\/div>\n\t\t\t\t<\/div>\n\t\t\t\t<div class=\"elementor-element elementor-element-8e7823f animated-slow elementor-invisible elementor-widget elementor-widget-text-editor\" data-id=\"8e7823f\" data-element_type=\"widget\" data-settings=\"{&quot;_animation&quot;:&quot;fadeInUp&quot;}\" data-widget_type=\"text-editor.default\">\n\t\t\t\t<div class=\"elementor-widget-container\">\n\t\t\t\t\t\t\t\t\t<p>Le CMIE a \u00e9t\u00e9 cr\u00e9\u00e9 pour les Canadiens, par les Canadiens. Les fondements de cette initiative devraient b\u00e9n\u00e9ficier au Canada dans les domaines suivants:<\/p>\t\t\t\t\t\t\t\t<\/div>\n\t\t\t\t<\/div>\n\t\t<div class=\"elementor-element elementor-element-710a6f9 e-flex e-con-boxed e-con e-child\" data-id=\"710a6f9\" data-element_type=\"container\">\n\t\t\t\t\t<div class=\"e-con-inner\">\n\t\t<div class=\"elementor-element elementor-element-ce06ac0 e-flex e-con-boxed e-con e-child\" data-id=\"ce06ac0\" data-element_type=\"container\">\n\t\t\t\t\t<div class=\"e-con-inner\">\n\t\t\t\t<div class=\"elementor-element elementor-element-1c7d154 elementor-view-default elementor-widget elementor-widget-icon\" data-id=\"1c7d154\" data-element_type=\"widget\" data-widget_type=\"icon.default\">\n\t\t\t\t<div class=\"elementor-widget-container\">\n\t\t\t\t\t\t\t<div class=\"elementor-icon-wrapper\">\n\t\t\t<div class=\"elementor-icon\">\n\t\t\t<i aria-hidden=\"true\" class=\"fas fa-chart-line\"><\/i>\t\t\t<\/div>\n\t\t<\/div>\n\t\t\t\t\t\t<\/div>\n\t\t\t\t<\/div>\n\t\t\t\t<div class=\"elementor-element elementor-element-142fb58 elementor-widget elementor-widget-heading\" data-id=\"142fb58\" data-element_type=\"widget\" data-widget_type=\"heading.default\">\n\t\t\t\t<div class=\"elementor-widget-container\">\n\t\t\t\t\t<h3 class=\"elementor-heading-title elementor-size-default\">\u00c9conomique<\/h3>\t\t\t\t<\/div>\n\t\t\t\t<\/div>\n\t\t\t\t<div class=\"elementor-element elementor-element-ae5cc74 elementor-widget elementor-widget-text-editor\" data-id=\"ae5cc74\" data-element_type=\"widget\" data-widget_type=\"text-editor.default\">\n\t\t\t\t<div class=\"elementor-widget-container\">\n\t\t\t\t\t\t\t\t\t<p>Dynamiser l\u2019\u00e9conomie canadienne sur le march\u00e9 des radio-isotopes en \u00e9tablissant une cha\u00eene d\u2019approvisionnement mondiale en radio-isotopes, en cr\u00e9ant de nouveaux produits et de nouvelles possibilit\u00e9s d\u2019emploi.<\/p>\t\t\t\t\t\t\t\t<\/div>\n\t\t\t\t<\/div>\n\t\t\t\t\t<\/div>\n\t\t\t\t<\/div>\n\t\t<div class=\"elementor-element elementor-element-593445c e-flex e-con-boxed e-con e-child\" data-id=\"593445c\" data-element_type=\"container\">\n\t\t\t\t\t<div class=\"e-con-inner\">\n\t\t\t\t<div class=\"elementor-element elementor-element-f439720 elementor-view-default elementor-widget elementor-widget-icon\" data-id=\"f439720\" data-element_type=\"widget\" data-widget_type=\"icon.default\">\n\t\t\t\t<div class=\"elementor-widget-container\">\n\t\t\t\t\t\t\t<div class=\"elementor-icon-wrapper\">\n\t\t\t<div class=\"elementor-icon\">\n\t\t\t<i aria-hidden=\"true\" class=\"far fa-lightbulb\"><\/i>\t\t\t<\/div>\n\t\t<\/div>\n\t\t\t\t\t\t<\/div>\n\t\t\t\t<\/div>\n\t\t\t\t<div class=\"elementor-element elementor-element-dfd7f0e elementor-widget elementor-widget-heading\" data-id=\"dfd7f0e\" data-element_type=\"widget\" data-widget_type=\"heading.default\">\n\t\t\t\t<div class=\"elementor-widget-container\">\n\t\t\t\t\t<h3 class=\"elementor-heading-title elementor-size-default\">Innovante<\/h3>\t\t\t\t<\/div>\n\t\t\t\t<\/div>\n\t\t\t\t<div class=\"elementor-element elementor-element-9979bb6 elementor-widget elementor-widget-text-editor\" data-id=\"9979bb6\" data-element_type=\"widget\" data-widget_type=\"text-editor.default\">\n\t\t\t\t<div class=\"elementor-widget-container\">\n\t\t\t\t\t\t\t\t\t<p>Soutenir les innovations canadiennes en augmentant les capacit\u00e9s du Canada dans le domaine des isotopes m\u00e9dicaux, en d\u00e9veloppant de nouvelles entreprises en biotechnologie et en attirant de nouveaux intervenants d\u2019autres pays dans l\u2019\u00e9cosyst\u00e8me canadien.<\/p>\t\t\t\t\t\t\t\t<\/div>\n\t\t\t\t<\/div>\n\t\t\t\t\t<\/div>\n\t\t\t\t<\/div>\n\t\t<div class=\"elementor-element elementor-element-5a799e3 e-flex e-con-boxed e-con e-child\" data-id=\"5a799e3\" data-element_type=\"container\">\n\t\t\t\t\t<div class=\"e-con-inner\">\n\t\t\t\t<div class=\"elementor-element elementor-element-455edf0 elementor-view-default elementor-widget elementor-widget-icon\" data-id=\"455edf0\" data-element_type=\"widget\" data-widget_type=\"icon.default\">\n\t\t\t\t<div class=\"elementor-widget-container\">\n\t\t\t\t\t\t\t<div class=\"elementor-icon-wrapper\">\n\t\t\t<div class=\"elementor-icon\">\n\t\t\t<i aria-hidden=\"true\" class=\"fas fa-user-friends\"><\/i>\t\t\t<\/div>\n\t\t<\/div>\n\t\t\t\t\t\t<\/div>\n\t\t\t\t<\/div>\n\t\t\t\t<div class=\"elementor-element elementor-element-cf3455a elementor-widget elementor-widget-heading\" data-id=\"cf3455a\" data-element_type=\"widget\" data-widget_type=\"heading.default\">\n\t\t\t\t<div class=\"elementor-widget-container\">\n\t\t\t\t\t<h3 class=\"elementor-heading-title elementor-size-default\">Sociale<\/h3>\t\t\t\t<\/div>\n\t\t\t\t<\/div>\n\t\t\t\t<div class=\"elementor-element elementor-element-2bea2f4 elementor-widget elementor-widget-text-editor\" data-id=\"2bea2f4\" data-element_type=\"widget\" data-widget_type=\"text-editor.default\">\n\t\t\t\t<div class=\"elementor-widget-container\">\n\t\t\t\t\t\t\t\t\t<p>Le programme met en \u0153uvre et encourage l\u2019\u00e9quit\u00e9, la diversit\u00e9 et l&rsquo;inclusion avec une repr\u00e9sentation de tous les groupes d\u00e9mographiques et les populations autochtones.<\/p>\t\t\t\t\t\t\t\t<\/div>\n\t\t\t\t<\/div>\n\t\t\t\t\t<\/div>\n\t\t\t\t<\/div>\n\t\t\t\t\t<\/div>\n\t\t\t\t<\/div>\n\t\t\t\t<div class=\"elementor-element elementor-element-77df572 elementor-widget elementor-widget-spacer\" data-id=\"77df572\" data-element_type=\"widget\" data-widget_type=\"spacer.default\">\n\t\t\t\t<div class=\"elementor-widget-container\">\n\t\t\t\t\t\t\t<div class=\"elementor-spacer\">\n\t\t\t<div class=\"elementor-spacer-inner\"><\/div>\n\t\t<\/div>\n\t\t\t\t\t\t<\/div>\n\t\t\t\t<\/div>\n\t\t\t\t\t<\/div>\n\t\t\t\t<\/div>\n\t\t\t\t<\/div>\n\t\t","protected":false},"excerpt":{"rendered":"<p>\u00c0 propos de l&rsquo;\u00c9CIM L&rsquo;\u00e9cosyst\u00e8me canadien des isotopes m\u00e9dicaux (\u00c9CIM) repr\u00e9sente une communaut\u00e9 dynamique \u00e0 l&rsquo;\u00e9chelle nationale qui se consacre au renforcement du secteur canadien des isotopes m\u00e9dicaux en fournissant des ressources pour relier les organisations, cr\u00e9er de nouveaux emplois et, gr\u00e2ce \u00e0 notre Fonds de D\u00e9veloppement, financer la prochaine g\u00e9n\u00e9ration d&rsquo;isotopes m\u00e9dicaux programmes isotopiques. &#8230; <a title=\"\u00c0 propos de l&rsquo;\u00c9CIM\" class=\"read-more\" href=\"https:\/\/cmie.ca\/fr\/a-propos-du-fonds-de-developpement-de-lecosysteme-canadien-des-isotopes-medicaux\/\" aria-label=\"En savoir plus sur \u00c0 propos de l&rsquo;\u00c9CIM\">Lire plus<\/a><\/p>\n","protected":false},"author":1,"featured_media":0,"parent":0,"menu_order":0,"comment_status":"closed","ping_status":"closed","template":"elementor_header_footer","meta":{"footnotes":""},"class_list":["post-689","page","type-page","status-publish"],"_links":{"self":[{"href":"https:\/\/cmie.ca\/fr\/wp-json\/wp\/v2\/pages\/689","targetHints":{"allow":["GET"]}}],"collection":[{"href":"https:\/\/cmie.ca\/fr\/wp-json\/wp\/v2\/pages"}],"about":[{"href":"https:\/\/cmie.ca\/fr\/wp-json\/wp\/v2\/types\/page"}],"author":[{"embeddable":true,"href":"https:\/\/cmie.ca\/fr\/wp-json\/wp\/v2\/users\/1"}],"replies":[{"embeddable":true,"href":"https:\/\/cmie.ca\/fr\/wp-json\/wp\/v2\/comments?post=689"}],"version-history":[{"count":47,"href":"https:\/\/cmie.ca\/fr\/wp-json\/wp\/v2\/pages\/689\/revisions"}],"predecessor-version":[{"id":2463,"href":"https:\/\/cmie.ca\/fr\/wp-json\/wp\/v2\/pages\/689\/revisions\/2463"}],"wp:attachment":[{"href":"https:\/\/cmie.ca\/fr\/wp-json\/wp\/v2\/media?parent=689"}],"curies":[{"name":"wp","href":"https:\/\/api.w.org\/{rel}","templated":true}]}}