{"id":688,"date":"2023-09-14T09:51:54","date_gmt":"2023-09-14T13:51:54","guid":{"rendered":"https:\/\/cmie.ca\/executive-committee\/"},"modified":"2023-11-20T16:28:00","modified_gmt":"2023-11-20T21:28:00","slug":"comite-executif","status":"publish","type":"page","link":"https:\/\/cmie.ca\/fr\/comite-executif\/","title":{"rendered":"Comit\u00e9 ex\u00e9cutif"},"content":{"rendered":"\t\t<div data-elementor-type=\"wp-page\" data-elementor-id=\"688\" class=\"elementor elementor-688 elementor-18\" data-elementor-post-type=\"page\">\n\t\t\t\t<div class=\"elementor-element elementor-element-d466152 e-flex e-con-boxed e-con e-parent\" data-id=\"d466152\" data-element_type=\"container\" id=\"blue\" data-settings=\"{&quot;background_background&quot;:&quot;classic&quot;}\">\n\t\t\t\t\t<div class=\"e-con-inner\">\n\t\t\t\t<div class=\"elementor-element elementor-element-b9a3739 elementor-widget elementor-widget-heading\" data-id=\"b9a3739\" data-element_type=\"widget\" id=\"gradient-text\" data-widget_type=\"heading.default\">\n\t\t\t\t<div class=\"elementor-widget-container\">\n\t\t\t\t\t<h2 class=\"elementor-heading-title elementor-size-default\">Comit\u00e9 ex\u00e9cutif <\/h2>\t\t\t\t<\/div>\n\t\t\t\t<\/div>\n\t\t\t\t<div class=\"elementor-element elementor-element-9fec241 elementor-widget elementor-widget-spacer\" data-id=\"9fec241\" data-element_type=\"widget\" data-widget_type=\"spacer.default\">\n\t\t\t\t<div class=\"elementor-widget-container\">\n\t\t\t\t\t\t\t<div class=\"elementor-spacer\">\n\t\t\t<div class=\"elementor-spacer-inner\"><\/div>\n\t\t<\/div>\n\t\t\t\t\t\t<\/div>\n\t\t\t\t<\/div>\n\t\t\t\t\t<\/div>\n\t\t\t\t<\/div>\n\t\t<div class=\"elementor-element elementor-element-b18090e e-flex e-con-boxed e-con e-parent\" data-id=\"b18090e\" data-element_type=\"container\" id=\"blue\">\n\t\t\t\t\t<div class=\"e-con-inner\">\n\t\t<div class=\"elementor-element elementor-element-0d6cfc2 e-con-full e-flex e-con e-child\" data-id=\"0d6cfc2\" data-element_type=\"container\">\n\t\t\t\t<div class=\"elementor-element elementor-element-b8e9d00 animated-slow elementor-invisible elementor-widget elementor-widget-image\" data-id=\"b8e9d00\" data-element_type=\"widget\" data-settings=\"{&quot;_animation&quot;:&quot;fadeIn&quot;}\" data-widget_type=\"image.default\">\n\t\t\t\t<div class=\"elementor-widget-container\">\n\t\t\t\t\t\t\t\t\t\t\t\t\t\t\t<img fetchpriority=\"high\" decoding=\"async\" width=\"500\" height=\"500\" src=\"https:\/\/cmie.ca\/wp-content\/uploads\/2023\/11\/KathrynHayashi_square-1-1.jpg\" class=\"attachment-full size-full wp-image-2349\" alt=\"\" srcset=\"https:\/\/cmie.ca\/wp-content\/uploads\/2023\/11\/KathrynHayashi_square-1-1.jpg 500w, https:\/\/cmie.ca\/wp-content\/uploads\/2023\/11\/KathrynHayashi_square-1-1-300x300.jpg 300w, https:\/\/cmie.ca\/wp-content\/uploads\/2023\/11\/KathrynHayashi_square-1-1-150x150.jpg 150w\" sizes=\"(max-width: 500px) 100vw, 500px\" \/>\t\t\t\t\t\t\t\t\t\t\t\t\t\t\t<\/div>\n\t\t\t\t<\/div>\n\t\t\t\t<div class=\"elementor-element elementor-element-4330ade elementor-widget elementor-widget-text-editor\" data-id=\"4330ade\" data-element_type=\"widget\" data-widget_type=\"text-editor.default\">\n\t\t\t\t<div class=\"elementor-widget-container\">\n\t\t\t\t\t\t\t\t\t<p>Kathryn Hayashi, Pr\u00e9sident et PDG<br \/>TRIUMF Innovations<\/p>\t\t\t\t\t\t\t\t<\/div>\n\t\t\t\t<\/div>\n\t\t\t\t<\/div>\n\t\t<div class=\"elementor-element elementor-element-c0b5ea7 e-con-full e-flex e-con e-child\" data-id=\"c0b5ea7\" data-element_type=\"container\">\n\t\t\t\t<div class=\"elementor-element elementor-element-94a3d02 animated-slow elementor-invisible elementor-widget elementor-widget-image\" data-id=\"94a3d02\" data-element_type=\"widget\" data-settings=\"{&quot;_animation&quot;:&quot;fadeIn&quot;}\" data-widget_type=\"image.default\">\n\t\t\t\t<div class=\"elementor-widget-container\">\n\t\t\t\t\t\t\t\t\t\t\t\t\t\t\t<img decoding=\"async\" width=\"500\" height=\"500\" src=\"https:\/\/cmie.ca\/wp-content\/uploads\/2023\/11\/Owen-Roberts-1-1.jpg\" class=\"attachment-full size-full wp-image-2351\" alt=\"\" srcset=\"https:\/\/cmie.ca\/wp-content\/uploads\/2023\/11\/Owen-Roberts-1-1.jpg 500w, https:\/\/cmie.ca\/wp-content\/uploads\/2023\/11\/Owen-Roberts-1-1-300x300.jpg 300w, https:\/\/cmie.ca\/wp-content\/uploads\/2023\/11\/Owen-Roberts-1-1-150x150.jpg 150w\" sizes=\"(max-width: 500px) 100vw, 500px\" \/>\t\t\t\t\t\t\t\t\t\t\t\t\t\t\t<\/div>\n\t\t\t\t<\/div>\n\t\t\t\t<div class=\"elementor-element elementor-element-af6c4bf elementor-widget elementor-widget-text-editor\" data-id=\"af6c4bf\" data-element_type=\"widget\" data-widget_type=\"text-editor.default\">\n\t\t\t\t<div class=\"elementor-widget-container\">\n\t\t\t\t\t\t\t\t\t<p>Owen Roberts, Pr\u00e9sident et PDG<br \/>Centre for Probe Development and Commercialization<\/p>\t\t\t\t\t\t\t\t<\/div>\n\t\t\t\t<\/div>\n\t\t\t\t<\/div>\n\t\t<div class=\"elementor-element elementor-element-633cfd6 e-con-full e-flex e-con e-child\" data-id=\"633cfd6\" data-element_type=\"container\">\n\t\t\t\t<div class=\"elementor-element elementor-element-2dcc114 animated-slow elementor-invisible elementor-widget elementor-widget-image\" data-id=\"2dcc114\" data-element_type=\"widget\" data-settings=\"{&quot;_animation&quot;:&quot;fadeIn&quot;}\" data-widget_type=\"image.default\">\n\t\t\t\t<div class=\"elementor-widget-container\">\n\t\t\t\t\t\t\t\t\t\t\t\t\t\t\t<img decoding=\"async\" width=\"2454\" height=\"2454\" src=\"https:\/\/cmie.ca\/wp-content\/uploads\/2023\/11\/Paul4-1-1.jpg\" class=\"attachment-full size-full wp-image-2598\" alt=\"\" srcset=\"https:\/\/cmie.ca\/wp-content\/uploads\/2023\/11\/Paul4-1-1.jpg 2454w, https:\/\/cmie.ca\/wp-content\/uploads\/2023\/11\/Paul4-1-1-300x300.jpg 300w, https:\/\/cmie.ca\/wp-content\/uploads\/2023\/11\/Paul4-1-1-1024x1024.jpg 1024w, https:\/\/cmie.ca\/wp-content\/uploads\/2023\/11\/Paul4-1-1-150x150.jpg 150w, https:\/\/cmie.ca\/wp-content\/uploads\/2023\/11\/Paul4-1-1-768x768.jpg 768w, https:\/\/cmie.ca\/wp-content\/uploads\/2023\/11\/Paul4-1-1-1536x1536.jpg 1536w, https:\/\/cmie.ca\/wp-content\/uploads\/2023\/11\/Paul4-1-1-2048x2048.jpg 2048w\" sizes=\"(max-width: 2454px) 100vw, 2454px\" \/>\t\t\t\t\t\t\t\t\t\t\t\t\t\t\t<\/div>\n\t\t\t\t<\/div>\n\t\t\t\t<div class=\"elementor-element elementor-element-bcdfe5e elementor-widget elementor-widget-text-editor\" data-id=\"bcdfe5e\" data-element_type=\"widget\" data-widget_type=\"text-editor.default\">\n\t\t\t\t<div class=\"elementor-widget-container\">\n\t\t\t\t\t\t\t\t\t<p>Paul Schaffer, Directeur de la\u00a0division Life Sciences<br \/>TRIUMF\u00a0<\/p>\t\t\t\t\t\t\t\t<\/div>\n\t\t\t\t<\/div>\n\t\t\t\t<\/div>\n\t\t<div class=\"elementor-element elementor-element-f958c78 e-con-full e-flex e-con e-child\" data-id=\"f958c78\" data-element_type=\"container\">\n\t\t\t\t<div class=\"elementor-element elementor-element-769bb04 animated-slow elementor-invisible elementor-widget elementor-widget-image\" data-id=\"769bb04\" data-element_type=\"widget\" data-settings=\"{&quot;_animation&quot;:&quot;fadeIn&quot;}\" data-widget_type=\"image.default\">\n\t\t\t\t<div class=\"elementor-widget-container\">\n\t\t\t\t\t\t\t\t\t\t\t\t\t\t\t<img loading=\"lazy\" decoding=\"async\" width=\"500\" height=\"500\" src=\"https:\/\/cmie.ca\/wp-content\/uploads\/2023\/11\/damico-1-1.jpg\" class=\"attachment-full size-full wp-image-2353\" alt=\"\" srcset=\"https:\/\/cmie.ca\/wp-content\/uploads\/2023\/11\/damico-1-1.jpg 500w, https:\/\/cmie.ca\/wp-content\/uploads\/2023\/11\/damico-1-1-300x300.jpg 300w, https:\/\/cmie.ca\/wp-content\/uploads\/2023\/11\/damico-1-1-150x150.jpg 150w\" sizes=\"(max-width: 500px) 100vw, 500px\" \/>\t\t\t\t\t\t\t\t\t\t\t\t\t\t\t<\/div>\n\t\t\t\t<\/div>\n\t\t\t\t<div class=\"elementor-element elementor-element-ddbd5ea elementor-widget elementor-widget-text-editor\" data-id=\"ddbd5ea\" data-element_type=\"widget\" data-widget_type=\"text-editor.default\">\n\t\t\t\t<div class=\"elementor-widget-container\">\n\t\t\t\t\t\t\t\t\t<p>Peter D\u2019Amico, Directeur des isotopes<br \/>Canadian Nuclear Laboratories<\/p>\t\t\t\t\t\t\t\t<\/div>\n\t\t\t\t<\/div>\n\t\t\t\t<\/div>\n\t\t<div class=\"elementor-element elementor-element-16b8797 e-con-full e-flex e-con e-child\" data-id=\"16b8797\" data-element_type=\"container\">\n\t\t\t\t<div class=\"elementor-element elementor-element-3a1377e animated-slow elementor-invisible elementor-widget elementor-widget-image\" data-id=\"3a1377e\" data-element_type=\"widget\" data-settings=\"{&quot;_animation&quot;:&quot;fadeIn&quot;}\" data-widget_type=\"image.default\">\n\t\t\t\t<div class=\"elementor-widget-container\">\n\t\t\t\t\t\t\t\t\t\t\t\t\t\t\t<img loading=\"lazy\" decoding=\"async\" width=\"2560\" height=\"2560\" src=\"https:\/\/cmie.ca\/wp-content\/uploads\/2023\/11\/Peter_McDermid_square-scaled-1.jpg\" class=\"attachment-full size-full wp-image-2355\" alt=\"\" srcset=\"https:\/\/cmie.ca\/wp-content\/uploads\/2023\/11\/Peter_McDermid_square-scaled-1.jpg 2560w, https:\/\/cmie.ca\/wp-content\/uploads\/2023\/11\/Peter_McDermid_square-scaled-1-300x300.jpg 300w, https:\/\/cmie.ca\/wp-content\/uploads\/2023\/11\/Peter_McDermid_square-scaled-1-1024x1024.jpg 1024w, https:\/\/cmie.ca\/wp-content\/uploads\/2023\/11\/Peter_McDermid_square-scaled-1-150x150.jpg 150w, https:\/\/cmie.ca\/wp-content\/uploads\/2023\/11\/Peter_McDermid_square-scaled-1-768x768.jpg 768w, https:\/\/cmie.ca\/wp-content\/uploads\/2023\/11\/Peter_McDermid_square-scaled-1-1536x1536.jpg 1536w, https:\/\/cmie.ca\/wp-content\/uploads\/2023\/11\/Peter_McDermid_square-scaled-1-2048x2048.jpg 2048w\" sizes=\"(max-width: 2560px) 100vw, 2560px\" \/>\t\t\t\t\t\t\t\t\t\t\t\t\t\t\t<\/div>\n\t\t\t\t<\/div>\n\t\t\t\t<div class=\"elementor-element elementor-element-b088f13 elementor-widget elementor-widget-text-editor\" data-id=\"b088f13\" data-element_type=\"widget\" data-widget_type=\"text-editor.default\">\n\t\t\t\t<div class=\"elementor-widget-container\">\n\t\t\t\t\t\t\t\t\t<p>Peter McDermid, Directeur des isotopes et du d\u00e9veloppement \u00e9nerg\u00e9tique du site<br \/>Bruce Power<\/p>\t\t\t\t\t\t\t\t<\/div>\n\t\t\t\t<\/div>\n\t\t\t\t<\/div>\n\t\t<div class=\"elementor-element elementor-element-119eef3 e-con-full e-flex e-con e-child\" data-id=\"119eef3\" data-element_type=\"container\">\n\t\t\t\t<div class=\"elementor-element elementor-element-88a0365 animated-slow elementor-invisible elementor-widget elementor-widget-image\" data-id=\"88a0365\" data-element_type=\"widget\" data-settings=\"{&quot;_animation&quot;:&quot;fadeIn&quot;}\" data-widget_type=\"image.default\">\n\t\t\t\t<div class=\"elementor-widget-container\">\n\t\t\t\t\t\t\t\t\t\t\t\t\t\t\t<img loading=\"lazy\" decoding=\"async\" width=\"575\" height=\"575\" src=\"https:\/\/cmie.ca\/wp-content\/uploads\/2023\/11\/1662764733899-1.jpg\" class=\"attachment-full size-full wp-image-2357\" alt=\"\" srcset=\"https:\/\/cmie.ca\/wp-content\/uploads\/2023\/11\/1662764733899-1.jpg 575w, https:\/\/cmie.ca\/wp-content\/uploads\/2023\/11\/1662764733899-1-300x300.jpg 300w, https:\/\/cmie.ca\/wp-content\/uploads\/2023\/11\/1662764733899-1-150x150.jpg 150w\" sizes=\"(max-width: 575px) 100vw, 575px\" \/>\t\t\t\t\t\t\t\t\t\t\t\t\t\t\t<\/div>\n\t\t\t\t<\/div>\n\t\t\t\t<div class=\"elementor-element elementor-element-3f62b14 elementor-widget elementor-widget-text-editor\" data-id=\"3f62b14\" data-element_type=\"widget\" data-widget_type=\"text-editor.default\">\n\t\t\t\t<div class=\"elementor-widget-container\">\n\t\t\t\t\t\t\t\t\t<p>Bill Riddoch, Vice-pr\u00e9sident recherche et d\u00e9veloppement de produits<br \/>BWXT<\/p>\t\t\t\t\t\t\t\t<\/div>\n\t\t\t\t<\/div>\n\t\t\t\t<\/div>\n\t\t<div class=\"elementor-element elementor-element-d49b2ac e-con-full e-flex e-con e-child\" data-id=\"d49b2ac\" data-element_type=\"container\">\n\t\t\t\t<div class=\"elementor-element elementor-element-4c80c94 animated-slow elementor-invisible elementor-widget elementor-widget-image\" data-id=\"4c80c94\" data-element_type=\"widget\" data-settings=\"{&quot;_animation&quot;:&quot;fadeIn&quot;}\" data-widget_type=\"image.default\">\n\t\t\t\t<div class=\"elementor-widget-container\">\n\t\t\t\t\t\t\t\t\t\t\t\t\t\t\t<img loading=\"lazy\" decoding=\"async\" width=\"1767\" height=\"1767\" src=\"https:\/\/cmie.ca\/wp-content\/uploads\/2023\/11\/Karin-Stephenson_square-1.jpg\" class=\"attachment-full size-full wp-image-2359\" alt=\"\" srcset=\"https:\/\/cmie.ca\/wp-content\/uploads\/2023\/11\/Karin-Stephenson_square-1.jpg 1767w, https:\/\/cmie.ca\/wp-content\/uploads\/2023\/11\/Karin-Stephenson_square-1-300x300.jpg 300w, https:\/\/cmie.ca\/wp-content\/uploads\/2023\/11\/Karin-Stephenson_square-1-1024x1024.jpg 1024w, https:\/\/cmie.ca\/wp-content\/uploads\/2023\/11\/Karin-Stephenson_square-1-150x150.jpg 150w, https:\/\/cmie.ca\/wp-content\/uploads\/2023\/11\/Karin-Stephenson_square-1-768x768.jpg 768w, https:\/\/cmie.ca\/wp-content\/uploads\/2023\/11\/Karin-Stephenson_square-1-1536x1536.jpg 1536w\" sizes=\"(max-width: 1767px) 100vw, 1767px\" \/>\t\t\t\t\t\t\t\t\t\t\t\t\t\t\t<\/div>\n\t\t\t\t<\/div>\n\t\t\t\t<div class=\"elementor-element elementor-element-8c18022 elementor-widget elementor-widget-text-editor\" data-id=\"8c18022\" data-element_type=\"widget\" data-widget_type=\"text-editor.default\">\n\t\t\t\t<div class=\"elementor-widget-container\">\n\t\t\t\t\t\t\t\t\t<p>Directeur, Recherche nucl\u00e9aire et soutien \u00e0 l&rsquo;\u00e9ducation, l\u2019Universit\u00e9 McMaster<\/p>\t\t\t\t\t\t\t\t<\/div>\n\t\t\t\t<\/div>\n\t\t\t\t<\/div>\n\t\t\t\t\t<\/div>\n\t\t\t\t<\/div>\n\t\t<div class=\"elementor-element elementor-element-30a63ed e-flex e-con-boxed e-con e-parent\" data-id=\"30a63ed\" data-element_type=\"container\" id=\"blue\">\n\t\t\t\t\t<div class=\"e-con-inner\">\n\t\t\t\t<div class=\"elementor-element elementor-element-e316aa2 elementor-widget elementor-widget-spacer\" data-id=\"e316aa2\" data-element_type=\"widget\" data-widget_type=\"spacer.default\">\n\t\t\t\t<div class=\"elementor-widget-container\">\n\t\t\t\t\t\t\t<div class=\"elementor-spacer\">\n\t\t\t<div class=\"elementor-spacer-inner\"><\/div>\n\t\t<\/div>\n\t\t\t\t\t\t<\/div>\n\t\t\t\t<\/div>\n\t\t\t\t\t<\/div>\n\t\t\t\t<\/div>\n\t\t\t\t<\/div>\n\t\t","protected":false},"excerpt":{"rendered":"<p>Comit\u00e9 ex\u00e9cutif Kathryn Hayashi, Pr\u00e9sident et PDGTRIUMF Innovations Owen Roberts, Pr\u00e9sident et PDGCentre for Probe Development and Commercialization Paul Schaffer, Directeur de la\u00a0division Life SciencesTRIUMF\u00a0 Peter D\u2019Amico, Directeur des isotopesCanadian Nuclear Laboratories Peter McDermid, Directeur des isotopes et du d\u00e9veloppement \u00e9nerg\u00e9tique du siteBruce Power Bill Riddoch, Vice-pr\u00e9sident recherche et d\u00e9veloppement de produitsBWXT Directeur, Recherche nucl\u00e9aire &#8230; <a title=\"Comit\u00e9 ex\u00e9cutif\" class=\"read-more\" href=\"https:\/\/cmie.ca\/fr\/comite-executif\/\" aria-label=\"En savoir plus sur Comit\u00e9 ex\u00e9cutif\">Lire plus<\/a><\/p>\n","protected":false},"author":1,"featured_media":0,"parent":0,"menu_order":0,"comment_status":"closed","ping_status":"closed","template":"elementor_header_footer","meta":{"footnotes":""},"class_list":["post-688","page","type-page","status-publish"],"_links":{"self":[{"href":"https:\/\/cmie.ca\/fr\/wp-json\/wp\/v2\/pages\/688","targetHints":{"allow":["GET"]}}],"collection":[{"href":"https:\/\/cmie.ca\/fr\/wp-json\/wp\/v2\/pages"}],"about":[{"href":"https:\/\/cmie.ca\/fr\/wp-json\/wp\/v2\/types\/page"}],"author":[{"embeddable":true,"href":"https:\/\/cmie.ca\/fr\/wp-json\/wp\/v2\/users\/1"}],"replies":[{"embeddable":true,"href":"https:\/\/cmie.ca\/fr\/wp-json\/wp\/v2\/comments?post=688"}],"version-history":[{"count":37,"href":"https:\/\/cmie.ca\/fr\/wp-json\/wp\/v2\/pages\/688\/revisions"}],"predecessor-version":[{"id":2627,"href":"https:\/\/cmie.ca\/fr\/wp-json\/wp\/v2\/pages\/688\/revisions\/2627"}],"wp:attachment":[{"href":"https:\/\/cmie.ca\/fr\/wp-json\/wp\/v2\/media?parent=688"}],"curies":[{"name":"wp","href":"https:\/\/api.w.org\/{rel}","templated":true}]}}