{"id":682,"date":"2023-09-14T09:53:06","date_gmt":"2023-09-14T13:53:06","guid":{"rendered":"https:\/\/cmie.ca\/news\/"},"modified":"2023-11-13T12:55:08","modified_gmt":"2023-11-13T17:55:08","slug":"annonces","status":"publish","type":"page","link":"https:\/\/cmie.ca\/fr\/annonces\/","title":{"rendered":"Annonces"},"content":{"rendered":"\t\t<div data-elementor-type=\"wp-page\" data-elementor-id=\"682\" class=\"elementor elementor-682 elementor-30\" data-elementor-post-type=\"page\">\n\t\t\t\t<div class=\"elementor-element elementor-element-3e161d5 e-flex e-con-boxed e-con e-parent\" data-id=\"3e161d5\" data-element_type=\"container\" id=\"blue\" data-settings=\"{&quot;background_background&quot;:&quot;classic&quot;}\">\n\t\t\t\t\t<div class=\"e-con-inner\">\n\t\t\t\t<div class=\"elementor-element elementor-element-223060b elementor-widget elementor-widget-heading\" data-id=\"223060b\" data-element_type=\"widget\" id=\"gradient-text\" data-widget_type=\"heading.default\">\n\t\t\t\t<div class=\"elementor-widget-container\">\n\t\t\t\t\t<h2 class=\"elementor-heading-title elementor-size-default\">Annonces<\/h2>\t\t\t\t<\/div>\n\t\t\t\t<\/div>\n\t\t\t\t<div class=\"elementor-element elementor-element-1b26525 elementor-widget elementor-widget-spacer\" data-id=\"1b26525\" data-element_type=\"widget\" data-widget_type=\"spacer.default\">\n\t\t\t\t<div class=\"elementor-widget-container\">\n\t\t\t\t\t\t\t<div class=\"elementor-spacer\">\n\t\t\t<div class=\"elementor-spacer-inner\"><\/div>\n\t\t<\/div>\n\t\t\t\t\t\t<\/div>\n\t\t\t\t<\/div>\n\t\t\t\t\t<\/div>\n\t\t\t\t<\/div>\n\t\t<div class=\"elementor-element elementor-element-2fddc0a e-flex e-con-boxed e-con e-parent\" data-id=\"2fddc0a\" data-element_type=\"container\">\n\t\t\t\t\t<div class=\"e-con-inner\">\n\t\t\t\t<div class=\"elementor-element elementor-element-fb56661 elementor-widget elementor-widget-spacer\" data-id=\"fb56661\" data-element_type=\"widget\" data-widget_type=\"spacer.default\">\n\t\t\t\t<div class=\"elementor-widget-container\">\n\t\t\t\t\t\t\t<div class=\"elementor-spacer\">\n\t\t\t<div class=\"elementor-spacer-inner\"><\/div>\n\t\t<\/div>\n\t\t\t\t\t\t<\/div>\n\t\t\t\t<\/div>\n\t\t\t\t\t<\/div>\n\t\t\t\t<\/div>\n\t\t<div class=\"elementor-element elementor-element-9cee7ea e-flex e-con-boxed e-con e-parent\" data-id=\"9cee7ea\" data-element_type=\"container\">\n\t\t\t\t\t<div class=\"e-con-inner\">\n\t\t\t\t<div class=\"elementor-element elementor-element-092a234 elementor-grid-3 elementor-grid-tablet-2 elementor-grid-mobile-1 elementor-posts--thumbnail-top elementor-card-shadow-yes elementor-posts__hover-gradient elementor-widget elementor-widget-posts\" data-id=\"092a234\" data-element_type=\"widget\" data-settings=\"{&quot;cards_columns&quot;:&quot;3&quot;,&quot;cards_columns_tablet&quot;:&quot;2&quot;,&quot;cards_columns_mobile&quot;:&quot;1&quot;,&quot;cards_row_gap&quot;:{&quot;unit&quot;:&quot;px&quot;,&quot;size&quot;:35,&quot;sizes&quot;:[]},&quot;cards_row_gap_tablet&quot;:{&quot;unit&quot;:&quot;px&quot;,&quot;size&quot;:&quot;&quot;,&quot;sizes&quot;:[]},&quot;cards_row_gap_mobile&quot;:{&quot;unit&quot;:&quot;px&quot;,&quot;size&quot;:&quot;&quot;,&quot;sizes&quot;:[]}}\" data-widget_type=\"posts.cards\">\n\t\t\t\t<div class=\"elementor-widget-container\">\n\t\t\t\t\t\t\t<div class=\"elementor-posts-container elementor-posts elementor-posts--skin-cards elementor-grid\" role=\"list\">\n\t\t\t\t<article class=\"elementor-post elementor-grid-item post-6177 post type-post status-publish format-standard has-post-thumbnail hentry category-non-classifiee\" role=\"listitem\">\n\t\t\t<div class=\"elementor-post__card\">\n\t\t\t\t<a class=\"elementor-post__thumbnail__link\" href=\"https:\/\/cmie.ca\/fr\/press-release-canadian-medical-isotope-ecosystem-cmie-announces-medchem-imaging-as-funding-recipient-from-third-call-for-proposals\/\" tabindex=\"-1\" ><div class=\"elementor-post__thumbnail\"><img fetchpriority=\"high\" decoding=\"async\" width=\"300\" height=\"238\" src=\"https:\/\/cmie.ca\/wp-content\/uploads\/2026\/04\/CMIE-press-releases-1-300x238.png\" class=\"attachment-medium size-medium wp-image-6182\" alt=\"\" srcset=\"https:\/\/cmie.ca\/wp-content\/uploads\/2026\/04\/CMIE-press-releases-1-300x238.png 300w, https:\/\/cmie.ca\/wp-content\/uploads\/2026\/04\/CMIE-press-releases-1-1024x811.png 1024w, https:\/\/cmie.ca\/wp-content\/uploads\/2026\/04\/CMIE-press-releases-1-768x608.png 768w, https:\/\/cmie.ca\/wp-content\/uploads\/2026\/04\/CMIE-press-releases-1.png 1200w\" sizes=\"(max-width: 300px) 100vw, 300px\" \/><\/div><\/a>\n\t\t\t\t<div class=\"elementor-post__text\">\n\t\t\t\t<h3 class=\"elementor-post__title\">\n\t\t\t<a href=\"https:\/\/cmie.ca\/fr\/press-release-canadian-medical-isotope-ecosystem-cmie-announces-medchem-imaging-as-funding-recipient-from-third-call-for-proposals\/\" >\n\t\t\t\tCommuniqu\u00e9 de presse : L&rsquo;\u00c9cosyst\u00e8me canadien des isotopes m\u00e9dicaux (\u00c9CIM) annonce que MedChem Imaging est un b\u00e9n\u00e9ficiaire du financement de son troisi\u00e8me appel de propositions\t\t\t<\/a>\n\t\t<\/h3>\n\t\t\n\t\t<a class=\"elementor-post__read-more\" href=\"https:\/\/cmie.ca\/fr\/press-release-canadian-medical-isotope-ecosystem-cmie-announces-medchem-imaging-as-funding-recipient-from-third-call-for-proposals\/\" aria-label=\"En savoir plus sur Communiqu\u00e9 de presse : L&rsquo;\u00c9cosyst\u00e8me canadien des isotopes m\u00e9dicaux (\u00c9CIM) annonce que MedChem Imaging est un b\u00e9n\u00e9ficiaire du financement de son troisi\u00e8me appel de propositions\" tabindex=\"-1\" >\n\t\t\tRead More \u00bb\t\t<\/a>\n\n\t\t\t\t<\/div>\n\t\t\t\t<div class=\"elementor-post__meta-data\">\n\t\t\t\t\t<span class=\"elementor-post-date\">\n\t\t\t04\/14\/2026\t\t<\/span>\n\t\t\t\t<\/div>\n\t\t\t\t\t<\/div>\n\t\t<\/article>\n\t\t\t\t<article class=\"elementor-post elementor-grid-item post-6167 post type-post status-publish format-standard has-post-thumbnail hentry category-non-classifiee\" role=\"listitem\">\n\t\t\t<div class=\"elementor-post__card\">\n\t\t\t\t<a class=\"elementor-post__thumbnail__link\" href=\"https:\/\/cmie.ca\/fr\/press-release-canadian-medical-isotope-ecosystem-cmie-announces-sylvia-fedoruk-canadian-centre-for-nuclear-innovation-as-first-funding-recipient-from-third-call-for-proposals\/\" tabindex=\"-1\" ><div class=\"elementor-post__thumbnail\"><img decoding=\"async\" width=\"300\" height=\"238\" src=\"https:\/\/cmie.ca\/wp-content\/uploads\/2026\/04\/CMIE-Fedoruk-300x238.png\" class=\"attachment-medium size-medium wp-image-6165\" alt=\"\" srcset=\"https:\/\/cmie.ca\/wp-content\/uploads\/2026\/04\/CMIE-Fedoruk-300x238.png 300w, https:\/\/cmie.ca\/wp-content\/uploads\/2026\/04\/CMIE-Fedoruk-1024x811.png 1024w, https:\/\/cmie.ca\/wp-content\/uploads\/2026\/04\/CMIE-Fedoruk-768x608.png 768w, https:\/\/cmie.ca\/wp-content\/uploads\/2026\/04\/CMIE-Fedoruk.png 1200w\" sizes=\"(max-width: 300px) 100vw, 300px\" \/><\/div><\/a>\n\t\t\t\t<div class=\"elementor-post__text\">\n\t\t\t\t<h3 class=\"elementor-post__title\">\n\t\t\t<a href=\"https:\/\/cmie.ca\/fr\/press-release-canadian-medical-isotope-ecosystem-cmie-announces-sylvia-fedoruk-canadian-centre-for-nuclear-innovation-as-first-funding-recipient-from-third-call-for-proposals\/\" >\n\t\t\t\tCommuniqu\u00e9 de presse : L&rsquo;\u00c9cosyst\u00e8me canadien des isotopes m\u00e9dicaux (\u00c9CIM) annonce que le Centre canadien d&rsquo;innovation nucl\u00e9aire Sylvia Fedoruk est le premier b\u00e9n\u00e9ficiaire d&rsquo;un financement dans le cadre du troisi\u00e8me appel de propositions\t\t\t<\/a>\n\t\t<\/h3>\n\t\t\n\t\t<a class=\"elementor-post__read-more\" href=\"https:\/\/cmie.ca\/fr\/press-release-canadian-medical-isotope-ecosystem-cmie-announces-sylvia-fedoruk-canadian-centre-for-nuclear-innovation-as-first-funding-recipient-from-third-call-for-proposals\/\" aria-label=\"En savoir plus sur Communiqu\u00e9 de presse : L&rsquo;\u00c9cosyst\u00e8me canadien des isotopes m\u00e9dicaux (\u00c9CIM) annonce que le Centre canadien d&rsquo;innovation nucl\u00e9aire Sylvia Fedoruk est le premier b\u00e9n\u00e9ficiaire d&rsquo;un financement dans le cadre du troisi\u00e8me appel de propositions\" tabindex=\"-1\" >\n\t\t\tRead More \u00bb\t\t<\/a>\n\n\t\t\t\t<\/div>\n\t\t\t\t<div class=\"elementor-post__meta-data\">\n\t\t\t\t\t<span class=\"elementor-post-date\">\n\t\t\t04\/07\/2026\t\t<\/span>\n\t\t\t\t<\/div>\n\t\t\t\t\t<\/div>\n\t\t<\/article>\n\t\t\t\t<article class=\"elementor-post elementor-grid-item post-6150 post type-post status-publish format-standard has-post-thumbnail hentry category-non-classifiee\" role=\"listitem\">\n\t\t\t<div class=\"elementor-post__card\">\n\t\t\t\t<a class=\"elementor-post__thumbnail__link\" href=\"https:\/\/cmie.ca\/fr\/lecosysteme-canadien-des-isotopes-medicaux-annonce-le-succes-du-troisieme-appel-de-propositions-cinq-programmes-selectionnes-pour-recevoir-un-financement-de-plus-de-2-millions-de-dollars\/\" tabindex=\"-1\" ><div class=\"elementor-post__thumbnail\"><img decoding=\"async\" width=\"300\" height=\"232\" src=\"https:\/\/cmie.ca\/wp-content\/uploads\/2026\/03\/CMIE_Logos_FINAL-07-300x232.jpg\" class=\"attachment-medium size-medium wp-image-6148\" alt=\"\" srcset=\"https:\/\/cmie.ca\/wp-content\/uploads\/2026\/03\/CMIE_Logos_FINAL-07-300x232.jpg 300w, https:\/\/cmie.ca\/wp-content\/uploads\/2026\/03\/CMIE_Logos_FINAL-07-1024x791.jpg 1024w, https:\/\/cmie.ca\/wp-content\/uploads\/2026\/03\/CMIE_Logos_FINAL-07-768x593.jpg 768w, https:\/\/cmie.ca\/wp-content\/uploads\/2026\/03\/CMIE_Logos_FINAL-07-1536x1187.jpg 1536w, https:\/\/cmie.ca\/wp-content\/uploads\/2026\/03\/CMIE_Logos_FINAL-07-2048x1583.jpg 2048w\" sizes=\"(max-width: 300px) 100vw, 300px\" \/><\/div><\/a>\n\t\t\t\t<div class=\"elementor-post__text\">\n\t\t\t\t<h3 class=\"elementor-post__title\">\n\t\t\t<a href=\"https:\/\/cmie.ca\/fr\/lecosysteme-canadien-des-isotopes-medicaux-annonce-le-succes-du-troisieme-appel-de-propositions-cinq-programmes-selectionnes-pour-recevoir-un-financement-de-plus-de-2-millions-de-dollars\/\" >\n\t\t\t\tL&rsquo;\u00e9cosyst\u00e8me canadien des isotopes m\u00e9dicaux annonce le succ\u00e8s du troisi\u00e8me appel de propositions : Cinq programmes s\u00e9lectionn\u00e9s pour recevoir un financement de plus de 2 millions de dollars\t\t\t<\/a>\n\t\t<\/h3>\n\t\t\n\t\t<a class=\"elementor-post__read-more\" href=\"https:\/\/cmie.ca\/fr\/lecosysteme-canadien-des-isotopes-medicaux-annonce-le-succes-du-troisieme-appel-de-propositions-cinq-programmes-selectionnes-pour-recevoir-un-financement-de-plus-de-2-millions-de-dollars\/\" aria-label=\"En savoir plus sur L&rsquo;\u00e9cosyst\u00e8me canadien des isotopes m\u00e9dicaux annonce le succ\u00e8s du troisi\u00e8me appel de propositions : Cinq programmes s\u00e9lectionn\u00e9s pour recevoir un financement de plus de 2 millions de dollars\" tabindex=\"-1\" >\n\t\t\tRead More \u00bb\t\t<\/a>\n\n\t\t\t\t<\/div>\n\t\t\t\t<div class=\"elementor-post__meta-data\">\n\t\t\t\t\t<span class=\"elementor-post-date\">\n\t\t\t03\/31\/2026\t\t<\/span>\n\t\t\t\t<\/div>\n\t\t\t\t\t<\/div>\n\t\t<\/article>\n\t\t\t\t<article class=\"elementor-post elementor-grid-item post-6134 post type-post status-publish format-standard has-post-thumbnail hentry category-non-classifiee\" role=\"listitem\">\n\t\t\t<div class=\"elementor-post__card\">\n\t\t\t\t<a class=\"elementor-post__thumbnail__link\" href=\"https:\/\/cmie.ca\/fr\/le-partenariat-entre-bruce-power-et-la-son-annonce-un-investissement-majeur-de-250-millions-de-dollars-dans-la-production-commerciale-de-deux-isotopes-anticancereux-le-lutecium-177-lu-177-et-le-cob\/\" tabindex=\"-1\" ><div class=\"elementor-post__thumbnail\"><img loading=\"lazy\" decoding=\"async\" width=\"300\" height=\"169\" src=\"https:\/\/cmie.ca\/wp-content\/uploads\/2026\/03\/CMIE-BP-SON-Graphic-300x169.png\" class=\"attachment-medium size-medium wp-image-6138\" alt=\"\" srcset=\"https:\/\/cmie.ca\/wp-content\/uploads\/2026\/03\/CMIE-BP-SON-Graphic-300x169.png 300w, https:\/\/cmie.ca\/wp-content\/uploads\/2026\/03\/CMIE-BP-SON-Graphic-1024x576.png 1024w, https:\/\/cmie.ca\/wp-content\/uploads\/2026\/03\/CMIE-BP-SON-Graphic-768x432.png 768w, https:\/\/cmie.ca\/wp-content\/uploads\/2026\/03\/CMIE-BP-SON-Graphic-1536x864.png 1536w, https:\/\/cmie.ca\/wp-content\/uploads\/2026\/03\/CMIE-BP-SON-Graphic-2048x1152.png 2048w\" sizes=\"(max-width: 300px) 100vw, 300px\" \/><\/div><\/a>\n\t\t\t\t<div class=\"elementor-post__text\">\n\t\t\t\t<h3 class=\"elementor-post__title\">\n\t\t\t<a href=\"https:\/\/cmie.ca\/fr\/le-partenariat-entre-bruce-power-et-la-son-annonce-un-investissement-majeur-de-250-millions-de-dollars-dans-la-production-commerciale-de-deux-isotopes-anticancereux-le-lutecium-177-lu-177-et-le-cob\/\" >\n\t\t\t\tLe partenariat entre Bruce Power et la SON annonce un investissement majeur de 250 millions de dollars dans la production commerciale de deux isotopes anticanc\u00e9reux, le lut\u00e9cium-177 (Lu-177) et le cobalt-60 (Co-60)\t\t\t<\/a>\n\t\t<\/h3>\n\t\t\n\t\t<a class=\"elementor-post__read-more\" href=\"https:\/\/cmie.ca\/fr\/le-partenariat-entre-bruce-power-et-la-son-annonce-un-investissement-majeur-de-250-millions-de-dollars-dans-la-production-commerciale-de-deux-isotopes-anticancereux-le-lutecium-177-lu-177-et-le-cob\/\" aria-label=\"En savoir plus sur Le partenariat entre Bruce Power et la SON annonce un investissement majeur de 250 millions de dollars dans la production commerciale de deux isotopes anticanc\u00e9reux, le lut\u00e9cium-177 (Lu-177) et le cobalt-60 (Co-60)\" tabindex=\"-1\" >\n\t\t\tRead More \u00bb\t\t<\/a>\n\n\t\t\t\t<\/div>\n\t\t\t\t<div class=\"elementor-post__meta-data\">\n\t\t\t\t\t<span class=\"elementor-post-date\">\n\t\t\t03\/27\/2026\t\t<\/span>\n\t\t\t\t<\/div>\n\t\t\t\t\t<\/div>\n\t\t<\/article>\n\t\t\t\t<article class=\"elementor-post elementor-grid-item post-4974 post type-post status-publish format-standard has-post-thumbnail hentry category-non-classifiee\" role=\"listitem\">\n\t\t\t<div class=\"elementor-post__card\">\n\t\t\t\t<a class=\"elementor-post__thumbnail__link\" href=\"https:\/\/cmie.ca\/fr\/le-ecim-soutient-le-leadership-mondial-du-canada-en-matiere-disotopes-medicaux-grace-a-un-nouveau-systeme-de-production-disotopes-chez-bruce-power\/\" tabindex=\"-1\" ><div class=\"elementor-post__thumbnail\"><img loading=\"lazy\" decoding=\"async\" width=\"300\" height=\"232\" src=\"https:\/\/cmie.ca\/wp-content\/uploads\/2025\/08\/bp-son-300x232.png\" class=\"attachment-medium size-medium wp-image-4971\" alt=\"\" srcset=\"https:\/\/cmie.ca\/wp-content\/uploads\/2025\/08\/bp-son-300x232.png 300w, https:\/\/cmie.ca\/wp-content\/uploads\/2025\/08\/bp-son.png 641w\" sizes=\"(max-width: 300px) 100vw, 300px\" \/><\/div><\/a>\n\t\t\t\t<div class=\"elementor-post__text\">\n\t\t\t\t<h3 class=\"elementor-post__title\">\n\t\t\t<a href=\"https:\/\/cmie.ca\/fr\/le-ecim-soutient-le-leadership-mondial-du-canada-en-matiere-disotopes-medicaux-grace-a-un-nouveau-systeme-de-production-disotopes-chez-bruce-power\/\" >\n\t\t\t\tLe ECIM soutient le leadership mondial du Canada en mati\u00e8re d&rsquo;isotopes m\u00e9dicaux gr\u00e2ce \u00e0 un nouveau syst\u00e8me de production d&rsquo;isotopes chez Bruce Power\t\t\t<\/a>\n\t\t<\/h3>\n\t\t\n\t\t<a class=\"elementor-post__read-more\" href=\"https:\/\/cmie.ca\/fr\/le-ecim-soutient-le-leadership-mondial-du-canada-en-matiere-disotopes-medicaux-grace-a-un-nouveau-systeme-de-production-disotopes-chez-bruce-power\/\" aria-label=\"En savoir plus sur Le ECIM soutient le leadership mondial du Canada en mati\u00e8re d&rsquo;isotopes m\u00e9dicaux gr\u00e2ce \u00e0 un nouveau syst\u00e8me de production d&rsquo;isotopes chez Bruce Power\" tabindex=\"-1\" >\n\t\t\tRead More \u00bb\t\t<\/a>\n\n\t\t\t\t<\/div>\n\t\t\t\t<div class=\"elementor-post__meta-data\">\n\t\t\t\t\t<span class=\"elementor-post-date\">\n\t\t\t08\/19\/2025\t\t<\/span>\n\t\t\t\t<\/div>\n\t\t\t\t\t<\/div>\n\t\t<\/article>\n\t\t\t\t<article class=\"elementor-post elementor-grid-item post-3507 post type-post status-publish format-standard has-post-thumbnail hentry category-non-classifiee\" role=\"listitem\">\n\t\t\t<div class=\"elementor-post__card\">\n\t\t\t\t<a class=\"elementor-post__thumbnail__link\" href=\"https:\/\/cmie.ca\/fr\/lecosysteme-canadien-des-isotopes-medicaux-ecim-annonce-les-resultats-du-deuxieme-appel-de-propositions-trois-programmes-selectionnes-pour-recevoir-un-financement-de-148-million-de-dollars\/\" tabindex=\"-1\" ><div class=\"elementor-post__thumbnail\"><img loading=\"lazy\" decoding=\"async\" width=\"300\" height=\"232\" src=\"https:\/\/cmie.ca\/wp-content\/uploads\/2024\/04\/CMIE_Logos_FINAL-05-300x232.jpg\" class=\"attachment-medium size-medium wp-image-2786\" alt=\"\" srcset=\"https:\/\/cmie.ca\/wp-content\/uploads\/2024\/04\/CMIE_Logos_FINAL-05-300x232.jpg 300w, https:\/\/cmie.ca\/wp-content\/uploads\/2024\/04\/CMIE_Logos_FINAL-05-1024x791.jpg 1024w, https:\/\/cmie.ca\/wp-content\/uploads\/2024\/04\/CMIE_Logos_FINAL-05-768x593.jpg 768w, https:\/\/cmie.ca\/wp-content\/uploads\/2024\/04\/CMIE_Logos_FINAL-05-1536x1187.jpg 1536w, https:\/\/cmie.ca\/wp-content\/uploads\/2024\/04\/CMIE_Logos_FINAL-05-2048x1583.jpg 2048w\" sizes=\"(max-width: 300px) 100vw, 300px\" \/><\/div><\/a>\n\t\t\t\t<div class=\"elementor-post__text\">\n\t\t\t\t<h3 class=\"elementor-post__title\">\n\t\t\t<a href=\"https:\/\/cmie.ca\/fr\/lecosysteme-canadien-des-isotopes-medicaux-ecim-annonce-les-resultats-du-deuxieme-appel-de-propositions-trois-programmes-selectionnes-pour-recevoir-un-financement-de-148-million-de-dollars\/\" >\n\t\t\t\tL&rsquo;\u00c9cosyst\u00e8me canadien des isotopes m\u00e9dicaux (\u00c9CIM) annonce les r\u00e9sultats du deuxi\u00e8me appel de propositions\u00a0: Trois programmes s\u00e9lectionn\u00e9s pour recevoir un financement de 1,48 million de dollars\t\t\t<\/a>\n\t\t<\/h3>\n\t\t\n\t\t<a class=\"elementor-post__read-more\" href=\"https:\/\/cmie.ca\/fr\/lecosysteme-canadien-des-isotopes-medicaux-ecim-annonce-les-resultats-du-deuxieme-appel-de-propositions-trois-programmes-selectionnes-pour-recevoir-un-financement-de-148-million-de-dollars\/\" aria-label=\"En savoir plus sur L&rsquo;\u00c9cosyst\u00e8me canadien des isotopes m\u00e9dicaux (\u00c9CIM) annonce les r\u00e9sultats du deuxi\u00e8me appel de propositions\u00a0: Trois programmes s\u00e9lectionn\u00e9s pour recevoir un financement de 1,48 million de dollars\" tabindex=\"-1\" >\n\t\t\tRead More \u00bb\t\t<\/a>\n\n\t\t\t\t<\/div>\n\t\t\t\t<div class=\"elementor-post__meta-data\">\n\t\t\t\t\t<span class=\"elementor-post-date\">\n\t\t\t03\/06\/2025\t\t<\/span>\n\t\t\t\t<\/div>\n\t\t\t\t\t<\/div>\n\t\t<\/article>\n\t\t\t\t<\/div>\n\t\t\n\t\t\t\t\t\t<\/div>\n\t\t\t\t<\/div>\n\t\t\t\t\t<\/div>\n\t\t\t\t<\/div>\n\t\t<div class=\"elementor-element elementor-element-f55b394 e-flex e-con-boxed e-con e-parent\" data-id=\"f55b394\" data-element_type=\"container\">\n\t\t\t\t\t<div class=\"e-con-inner\">\n\t\t\t\t<div class=\"elementor-element elementor-element-05675eb elementor-widget elementor-widget-spacer\" data-id=\"05675eb\" data-element_type=\"widget\" data-widget_type=\"spacer.default\">\n\t\t\t\t<div class=\"elementor-widget-container\">\n\t\t\t\t\t\t\t<div class=\"elementor-spacer\">\n\t\t\t<div class=\"elementor-spacer-inner\"><\/div>\n\t\t<\/div>\n\t\t\t\t\t\t<\/div>\n\t\t\t\t<\/div>\n\t\t\t\t\t<\/div>\n\t\t\t\t<\/div>\n\t\t\t\t<\/div>\n\t\t","protected":false},"excerpt":{"rendered":"<p>Annonces<\/p>\n","protected":false},"author":1,"featured_media":0,"parent":0,"menu_order":0,"comment_status":"closed","ping_status":"closed","template":"elementor_header_footer","meta":{"footnotes":""},"class_list":["post-682","page","type-page","status-publish","hentry"],"_links":{"self":[{"href":"https:\/\/cmie.ca\/fr\/wp-json\/wp\/v2\/pages\/682","targetHints":{"allow":["GET"]}}],"collection":[{"href":"https:\/\/cmie.ca\/fr\/wp-json\/wp\/v2\/pages"}],"about":[{"href":"https:\/\/cmie.ca\/fr\/wp-json\/wp\/v2\/types\/page"}],"author":[{"embeddable":true,"href":"https:\/\/cmie.ca\/fr\/wp-json\/wp\/v2\/users\/1"}],"replies":[{"embeddable":true,"href":"https:\/\/cmie.ca\/fr\/wp-json\/wp\/v2\/comments?post=682"}],"version-history":[{"count":17,"href":"https:\/\/cmie.ca\/fr\/wp-json\/wp\/v2\/pages\/682\/revisions"}],"predecessor-version":[{"id":2424,"href":"https:\/\/cmie.ca\/fr\/wp-json\/wp\/v2\/pages\/682\/revisions\/2424"}],"wp:attachment":[{"href":"https:\/\/cmie.ca\/fr\/wp-json\/wp\/v2\/media?parent=682"}],"curies":[{"name":"wp","href":"https:\/\/api.w.org\/{rel}","templated":true}]}}