{"id":680,"date":"2023-09-14T12:54:58","date_gmt":"2023-09-14T16:54:58","guid":{"rendered":"https:\/\/cmie.ca\/commercial-production-of-actinium-225\/"},"modified":"2023-11-13T17:40:22","modified_gmt":"2023-11-13T22:40:22","slug":"production-commerciale-dactinium-225","status":"publish","type":"page","link":"https:\/\/cmie.ca\/fr\/nos-projets\/production-commerciale-dactinium-225\/","title":{"rendered":"Production commerciale d&rsquo;actinium-225"},"content":{"rendered":"\t\t<div data-elementor-type=\"wp-page\" data-elementor-id=\"680\" class=\"elementor elementor-680 elementor-239\" data-elementor-post-type=\"page\">\n\t\t\t\t<div class=\"elementor-element elementor-element-ee1da57 e-flex e-con-boxed e-con e-parent\" data-id=\"ee1da57\" data-element_type=\"container\" id=\"blue\" data-settings=\"{&quot;background_background&quot;:&quot;classic&quot;}\">\n\t\t\t\t\t<div class=\"e-con-inner\">\n\t\t\t\t<div class=\"elementor-element elementor-element-2ea97a5 elementor-widget elementor-widget-heading\" data-id=\"2ea97a5\" data-element_type=\"widget\" id=\"gradient-text\" data-widget_type=\"heading.default\">\n\t\t\t\t<div class=\"elementor-widget-container\">\n\t\t\t\t\t<h2 class=\"elementor-heading-title elementor-size-default\">Production commerciale d'actinium-225<\/h2>\t\t\t\t<\/div>\n\t\t\t\t<\/div>\n\t\t\t\t<div class=\"elementor-element elementor-element-72fb696 elementor-widget elementor-widget-spacer\" data-id=\"72fb696\" data-element_type=\"widget\" data-widget_type=\"spacer.default\">\n\t\t\t\t<div class=\"elementor-widget-container\">\n\t\t\t\t\t\t\t<div class=\"elementor-spacer\">\n\t\t\t<div class=\"elementor-spacer-inner\"><\/div>\n\t\t<\/div>\n\t\t\t\t\t\t<\/div>\n\t\t\t\t<\/div>\n\t\t\t\t\t<\/div>\n\t\t\t\t<\/div>\n\t\t<div class=\"elementor-element elementor-element-32ba91d e-flex e-con-boxed e-con e-parent\" data-id=\"32ba91d\" data-element_type=\"container\" data-settings=\"{&quot;background_background&quot;:&quot;classic&quot;}\">\n\t\t\t\t\t<div class=\"e-con-inner\">\n\t\t<div class=\"elementor-element elementor-element-a5f6747 e-con-full e-flex e-con e-child\" data-id=\"a5f6747\" data-element_type=\"container\">\n\t\t\t\t<div class=\"elementor-element elementor-element-6dbc55f elementor-widget elementor-widget-text-editor\" data-id=\"6dbc55f\" data-element_type=\"widget\" data-widget_type=\"text-editor.default\">\n\t\t\t\t<div class=\"elementor-widget-container\">\n\t\t\t\t\t\t\t\t\t<p>L&rsquo;Ac-225 de qualit\u00e9 clinique est obtenu \u00e0 partir de g\u00e9n\u00e9rateurs Th-229 (produit fille de l&rsquo;U-233). Les r\u00e9serves d&rsquo;U-233 proviennent des activit\u00e9s nucl\u00e9aires historiques.<\/p><p>TRIUMF et les Laboratoires Nucl\u00e9aires Canadiens (LNC) feront progresser et d\u00e9velopperont des proc\u00e9d\u00e9s de production d&rsquo;actinium-225 (Ac-225) de qualit\u00e9 clinique, qui joue un r\u00f4le cl\u00e9 dans la th\u00e9rapie radionucl\u00e9ide pour la traietment d\u00e9livrer directement aux sites de cancer. Le d\u00e9veloppement de produits radio-pharmaceutiques bas\u00e9s sur l&rsquo;Ac-225 continue de cro\u00eetre, mais la recherche et les essais sont limit\u00e9s, car l&rsquo;offre mondiale de ce radio-isotope ne suffit qu&rsquo;\u00e0 environ 2 000 doses par an aux patients.<\/p>\t\t\t\t\t\t\t\t<\/div>\n\t\t\t\t<\/div>\n\t\t\t\t<div class=\"elementor-element elementor-element-0f068a5 elementor-widget elementor-widget-image\" data-id=\"0f068a5\" data-element_type=\"widget\" data-widget_type=\"image.default\">\n\t\t\t\t<div class=\"elementor-widget-container\">\n\t\t\t\t\t\t\t\t\t\t\t\t\t\t\t<img fetchpriority=\"high\" decoding=\"async\" width=\"425\" height=\"281\" src=\"https:\/\/cmie.ca\/wp-content\/uploads\/2023\/10\/cycletron.jpg\" class=\"attachment-full size-full wp-image-1792\" alt=\"\" srcset=\"https:\/\/cmie.ca\/wp-content\/uploads\/2023\/10\/cycletron.jpg 425w, https:\/\/cmie.ca\/wp-content\/uploads\/2023\/10\/cycletron-300x198.jpg 300w\" sizes=\"(max-width: 425px) 100vw, 425px\" \/>\t\t\t\t\t\t\t\t\t\t\t\t\t\t\t<\/div>\n\t\t\t\t<\/div>\n\t\t\t\t<div class=\"elementor-element elementor-element-096d880 elementor-widget elementor-widget-spacer\" data-id=\"096d880\" data-element_type=\"widget\" data-widget_type=\"spacer.default\">\n\t\t\t\t<div class=\"elementor-widget-container\">\n\t\t\t\t\t\t\t<div class=\"elementor-spacer\">\n\t\t\t<div class=\"elementor-spacer-inner\"><\/div>\n\t\t<\/div>\n\t\t\t\t\t\t<\/div>\n\t\t\t\t<\/div>\n\t\t\t\t<div class=\"elementor-element elementor-element-fb1374a elementor-align-left elementor-widget__width-inherit elementor-invisible elementor-widget elementor-widget-button\" data-id=\"fb1374a\" data-element_type=\"widget\" data-settings=\"{&quot;_animation&quot;:&quot;fadeIn&quot;}\" data-widget_type=\"button.default\">\n\t\t\t\t<div class=\"elementor-widget-container\">\n\t\t\t\t\t\t\t\t\t<div class=\"elementor-button-wrapper\">\n\t\t\t\t\t<a class=\"elementor-button elementor-button-link elementor-size-md\" href=\"https:\/\/cmie.ca\/fr\/nos-projets\/\">\n\t\t\t\t\t\t<span class=\"elementor-button-content-wrapper\">\n\t\t\t\t\t\t<span class=\"elementor-button-icon\">\n\t\t\t\t<i aria-hidden=\"true\" class=\"fas fa-arrow-left\"><\/i>\t\t\t<\/span>\n\t\t\t\t\t\t\t\t\t<span class=\"elementor-button-text\">Retourner<\/span>\n\t\t\t\t\t<\/span>\n\t\t\t\t\t<\/a>\n\t\t\t\t<\/div>\n\t\t\t\t\t\t\t\t<\/div>\n\t\t\t\t<\/div>\n\t\t\t\t<div class=\"elementor-element elementor-element-8af48e8 elementor-widget elementor-widget-spacer\" data-id=\"8af48e8\" data-element_type=\"widget\" data-widget_type=\"spacer.default\">\n\t\t\t\t<div class=\"elementor-widget-container\">\n\t\t\t\t\t\t\t<div class=\"elementor-spacer\">\n\t\t\t<div class=\"elementor-spacer-inner\"><\/div>\n\t\t<\/div>\n\t\t\t\t\t\t<\/div>\n\t\t\t\t<\/div>\n\t\t\t\t<\/div>\n\t\t<div class=\"elementor-element elementor-element-cd73f45 e-con-full e-flex e-con e-child\" data-id=\"cd73f45\" data-element_type=\"container\">\n\t\t\t\t<div class=\"elementor-element elementor-element-8576ad2 animated-slow elementor-invisible elementor-widget elementor-widget-image\" data-id=\"8576ad2\" data-element_type=\"widget\" data-settings=\"{&quot;_animation&quot;:&quot;fadeIn&quot;}\" data-widget_type=\"image.default\">\n\t\t\t\t<div class=\"elementor-widget-container\">\n\t\t\t\t\t\t\t\t\t\t\t\t\t\t\t<img decoding=\"async\" width=\"300\" height=\"65\" src=\"https:\/\/cmie.ca\/wp-content\/uploads\/2023\/09\/triumf-300x65.png\" class=\"attachment-medium size-medium wp-image-471\" alt=\"\" srcset=\"https:\/\/cmie.ca\/wp-content\/uploads\/2023\/09\/triumf-300x65.png 300w, https:\/\/cmie.ca\/wp-content\/uploads\/2023\/09\/triumf-1024x220.png 1024w, https:\/\/cmie.ca\/wp-content\/uploads\/2023\/09\/triumf-768x165.png 768w, https:\/\/cmie.ca\/wp-content\/uploads\/2023\/09\/triumf-1536x331.png 1536w, https:\/\/cmie.ca\/wp-content\/uploads\/2023\/09\/triumf-2048x441.png 2048w\" sizes=\"(max-width: 300px) 100vw, 300px\" \/>\t\t\t\t\t\t\t\t\t\t\t\t\t\t\t<\/div>\n\t\t\t\t<\/div>\n\t\t\t\t<div class=\"elementor-element elementor-element-2cad4b4 elementor-widget elementor-widget-spacer\" data-id=\"2cad4b4\" data-element_type=\"widget\" data-widget_type=\"spacer.default\">\n\t\t\t\t<div class=\"elementor-widget-container\">\n\t\t\t\t\t\t\t<div class=\"elementor-spacer\">\n\t\t\t<div class=\"elementor-spacer-inner\"><\/div>\n\t\t<\/div>\n\t\t\t\t\t\t<\/div>\n\t\t\t\t<\/div>\n\t\t\t\t<div class=\"elementor-element elementor-element-d2c2661 animated-slow elementor-invisible elementor-widget elementor-widget-image\" data-id=\"d2c2661\" data-element_type=\"widget\" data-settings=\"{&quot;_animation&quot;:&quot;fadeIn&quot;}\" data-widget_type=\"image.default\">\n\t\t\t\t<div class=\"elementor-widget-container\">\n\t\t\t\t\t\t\t\t\t\t\t\t\t\t\t<img decoding=\"async\" width=\"300\" height=\"300\" src=\"https:\/\/cmie.ca\/wp-content\/uploads\/2023\/09\/cnl_2.png\" class=\"attachment-medium size-medium wp-image-538\" alt=\"\" srcset=\"https:\/\/cmie.ca\/wp-content\/uploads\/2023\/09\/cnl_2.png 300w, https:\/\/cmie.ca\/wp-content\/uploads\/2023\/09\/cnl_2-150x150.png 150w\" sizes=\"(max-width: 300px) 100vw, 300px\" \/>\t\t\t\t\t\t\t\t\t\t\t\t\t\t\t<\/div>\n\t\t\t\t<\/div>\n\t\t\t\t<\/div>\n\t\t\t\t\t<\/div>\n\t\t\t\t<\/div>\n\t\t\t\t<\/div>\n\t\t","protected":false},"excerpt":{"rendered":"<p>Production commerciale d&rsquo;actinium-225 L&rsquo;Ac-225 de qualit\u00e9 clinique est obtenu \u00e0 partir de g\u00e9n\u00e9rateurs Th-229 (produit fille de l&rsquo;U-233). Les r\u00e9serves d&rsquo;U-233 proviennent des activit\u00e9s nucl\u00e9aires historiques. TRIUMF et les Laboratoires Nucl\u00e9aires Canadiens (LNC) feront progresser et d\u00e9velopperont des proc\u00e9d\u00e9s de production d&rsquo;actinium-225 (Ac-225) de qualit\u00e9 clinique, qui joue un r\u00f4le cl\u00e9 dans la th\u00e9rapie radionucl\u00e9ide &#8230; <a title=\"Production commerciale d&rsquo;actinium-225\" class=\"read-more\" href=\"https:\/\/cmie.ca\/fr\/nos-projets\/production-commerciale-dactinium-225\/\" aria-label=\"En savoir plus sur Production commerciale d&rsquo;actinium-225\">Lire plus<\/a><\/p>\n","protected":false},"author":1,"featured_media":0,"parent":685,"menu_order":0,"comment_status":"closed","ping_status":"closed","template":"elementor_header_footer","meta":{"footnotes":""},"class_list":["post-680","page","type-page","status-publish"],"_links":{"self":[{"href":"https:\/\/cmie.ca\/fr\/wp-json\/wp\/v2\/pages\/680","targetHints":{"allow":["GET"]}}],"collection":[{"href":"https:\/\/cmie.ca\/fr\/wp-json\/wp\/v2\/pages"}],"about":[{"href":"https:\/\/cmie.ca\/fr\/wp-json\/wp\/v2\/types\/page"}],"author":[{"embeddable":true,"href":"https:\/\/cmie.ca\/fr\/wp-json\/wp\/v2\/users\/1"}],"replies":[{"embeddable":true,"href":"https:\/\/cmie.ca\/fr\/wp-json\/wp\/v2\/comments?post=680"}],"version-history":[{"count":30,"href":"https:\/\/cmie.ca\/fr\/wp-json\/wp\/v2\/pages\/680\/revisions"}],"predecessor-version":[{"id":2487,"href":"https:\/\/cmie.ca\/fr\/wp-json\/wp\/v2\/pages\/680\/revisions\/2487"}],"up":[{"embeddable":true,"href":"https:\/\/cmie.ca\/fr\/wp-json\/wp\/v2\/pages\/685"}],"wp:attachment":[{"href":"https:\/\/cmie.ca\/fr\/wp-json\/wp\/v2\/media?parent=680"}],"curies":[{"name":"wp","href":"https:\/\/api.w.org\/{rel}","templated":true}]}}