{"id":679,"date":"2023-09-14T12:55:15","date_gmt":"2023-09-14T16:55:15","guid":{"rendered":"https:\/\/cmie.ca\/isotope-production-system-design-installation-and-operation-at-bruce-power\/"},"modified":"2023-11-14T09:35:43","modified_gmt":"2023-11-14T14:35:43","slug":"travailler-avec-le-saugeen-ojibway-nation-pour-la-production-de-lutecium-177","status":"publish","type":"page","link":"https:\/\/cmie.ca\/fr\/nos-projets\/travailler-avec-le-saugeen-ojibway-nation-pour-la-production-de-lutecium-177\/","title":{"rendered":"Travailler avec le Saugeen Ojibway Nation pour la production de lut\u00e9cium-177"},"content":{"rendered":"\t\t<div data-elementor-type=\"wp-page\" data-elementor-id=\"679\" class=\"elementor elementor-679 elementor-241\" data-elementor-post-type=\"page\">\n\t\t\t\t<div class=\"elementor-element elementor-element-095d548 e-flex e-con-boxed e-con e-parent\" data-id=\"095d548\" data-element_type=\"container\" id=\"blue\" data-settings=\"{&quot;background_background&quot;:&quot;classic&quot;}\">\n\t\t\t\t\t<div class=\"e-con-inner\">\n\t\t\t\t<div class=\"elementor-element elementor-element-b406746 elementor-widget elementor-widget-heading\" data-id=\"b406746\" data-element_type=\"widget\" id=\"gradient-text\" data-widget_type=\"heading.default\">\n\t\t\t\t<div class=\"elementor-widget-container\">\n\t\t\t\t\t<h2 class=\"elementor-heading-title elementor-size-default\">Travailler avec le Saugeen Ojibway Nation pour la production de lut\u00e9cium-177<\/h2>\t\t\t\t<\/div>\n\t\t\t\t<\/div>\n\t\t\t\t<div class=\"elementor-element elementor-element-54a1d1d elementor-widget elementor-widget-spacer\" data-id=\"54a1d1d\" data-element_type=\"widget\" data-widget_type=\"spacer.default\">\n\t\t\t\t<div class=\"elementor-widget-container\">\n\t\t\t\t\t\t\t<div class=\"elementor-spacer\">\n\t\t\t<div class=\"elementor-spacer-inner\"><\/div>\n\t\t<\/div>\n\t\t\t\t\t\t<\/div>\n\t\t\t\t<\/div>\n\t\t\t\t\t<\/div>\n\t\t\t\t<\/div>\n\t\t<div class=\"elementor-element elementor-element-7e70a02 e-flex e-con-boxed e-con e-parent\" data-id=\"7e70a02\" data-element_type=\"container\" data-settings=\"{&quot;background_background&quot;:&quot;classic&quot;}\">\n\t\t\t\t\t<div class=\"e-con-inner\">\n\t\t<div class=\"elementor-element elementor-element-de8b0f3 e-con-full e-flex e-con e-child\" data-id=\"de8b0f3\" data-element_type=\"container\">\n\t\t\t\t<div class=\"elementor-element elementor-element-f53142a elementor-widget elementor-widget-text-editor\" data-id=\"f53142a\" data-element_type=\"widget\" data-widget_type=\"text-editor.default\">\n\t\t\t\t<div class=\"elementor-widget-container\">\n\t\t\t\t\t\t\t\t\t<p>Le financement du FSI couvrira une partie du co\u00fbt de la conception, de l&rsquo;installation et de l&rsquo;exploitation du syst\u00e8me de production d&rsquo;isotopes de Bruce Power dans l&rsquo;unit\u00e9 7, qui a \u00e9t\u00e9 install\u00e9 et a commenc\u00e9 la production commerciale de lut\u00e9tium-177 \u00e0 la fin de 2022. Le syst\u00e8me a \u00e9t\u00e9 d\u00e9velopp\u00e9 par Isogen, un co-entreprise entre Framatome et Kinectrics, permettant la production d&rsquo;isotopes \u00e0 grande \u00e9chelle au sein de l&rsquo;infrastructure nucl\u00e9aire existante de Bruce Power.<\/p><p>Il est important de noter que Bruce Power s\u2019est associ\u00e9 \u00e0 la Saugeen Ojibway Nation (SON) pour commercialiser les isotopes m\u00e9dicaux produits avec le syst\u00e8me dans un accord intitul\u00e9 \u00ab Gamzook\u2019aamin aakoziwin \u00bb ou \u00ab Nous faisons \u00e9quipe pour lutter contre la maladie \u00bb. Le partenariat Bruce Power \u2013 SON comprend une participation au capital de SON et un programme de partage des revenus qui profite directement \u00e0 la communaut\u00e9. Le financement du FSI permet \u00e0 la SON d\u2019acqu\u00e9rir ces fonds propres.<\/p>\t\t\t\t\t\t\t\t<\/div>\n\t\t\t\t<\/div>\n\t\t\t\t<div class=\"elementor-element elementor-element-47ee52d elementor-widget elementor-widget-image\" data-id=\"47ee52d\" data-element_type=\"widget\" data-widget_type=\"image.default\">\n\t\t\t\t<div class=\"elementor-widget-container\">\n\t\t\t\t\t\t\t\t\t\t\t\t\t\t\t<img fetchpriority=\"high\" decoding=\"async\" width=\"300\" height=\"232\" src=\"https:\/\/cmie.ca\/wp-content\/uploads\/2023\/10\/bp-son-300x232.png\" class=\"attachment-medium size-medium wp-image-1800\" alt=\"\" srcset=\"https:\/\/cmie.ca\/wp-content\/uploads\/2023\/10\/bp-son-300x232.png 300w, https:\/\/cmie.ca\/wp-content\/uploads\/2023\/10\/bp-son.png 641w\" sizes=\"(max-width: 300px) 100vw, 300px\" \/>\t\t\t\t\t\t\t\t\t\t\t\t\t\t\t<\/div>\n\t\t\t\t<\/div>\n\t\t\t\t<div class=\"elementor-element elementor-element-1b68775 elementor-widget elementor-widget-spacer\" data-id=\"1b68775\" data-element_type=\"widget\" data-widget_type=\"spacer.default\">\n\t\t\t\t<div class=\"elementor-widget-container\">\n\t\t\t\t\t\t\t<div class=\"elementor-spacer\">\n\t\t\t<div class=\"elementor-spacer-inner\"><\/div>\n\t\t<\/div>\n\t\t\t\t\t\t<\/div>\n\t\t\t\t<\/div>\n\t\t\t\t<div class=\"elementor-element elementor-element-7685825 elementor-align-left elementor-widget__width-inherit elementor-invisible elementor-widget elementor-widget-button\" data-id=\"7685825\" data-element_type=\"widget\" data-settings=\"{&quot;_animation&quot;:&quot;fadeIn&quot;}\" data-widget_type=\"button.default\">\n\t\t\t\t<div class=\"elementor-widget-container\">\n\t\t\t\t\t\t\t\t\t<div class=\"elementor-button-wrapper\">\n\t\t\t\t\t<a class=\"elementor-button elementor-button-link elementor-size-md\" href=\"https:\/\/cmie.ca\/fr\/nos-projets\/\">\n\t\t\t\t\t\t<span class=\"elementor-button-content-wrapper\">\n\t\t\t\t\t\t<span class=\"elementor-button-icon\">\n\t\t\t\t<i aria-hidden=\"true\" class=\"fas fa-arrow-left\"><\/i>\t\t\t<\/span>\n\t\t\t\t\t\t\t\t\t<span class=\"elementor-button-text\">Retourner<\/span>\n\t\t\t\t\t<\/span>\n\t\t\t\t\t<\/a>\n\t\t\t\t<\/div>\n\t\t\t\t\t\t\t\t<\/div>\n\t\t\t\t<\/div>\n\t\t\t\t<div class=\"elementor-element elementor-element-d98f3f6 elementor-widget elementor-widget-spacer\" data-id=\"d98f3f6\" data-element_type=\"widget\" data-widget_type=\"spacer.default\">\n\t\t\t\t<div class=\"elementor-widget-container\">\n\t\t\t\t\t\t\t<div class=\"elementor-spacer\">\n\t\t\t<div class=\"elementor-spacer-inner\"><\/div>\n\t\t<\/div>\n\t\t\t\t\t\t<\/div>\n\t\t\t\t<\/div>\n\t\t\t\t<\/div>\n\t\t<div class=\"elementor-element elementor-element-6b999b8 e-con-full e-flex e-con e-child\" data-id=\"6b999b8\" data-element_type=\"container\">\n\t\t\t\t<div class=\"elementor-element elementor-element-3cc6bf1 elementor-invisible elementor-widget elementor-widget-image\" data-id=\"3cc6bf1\" data-element_type=\"widget\" data-settings=\"{&quot;_animation&quot;:&quot;fadeIn&quot;}\" data-widget_type=\"image.default\">\n\t\t\t\t<div class=\"elementor-widget-container\">\n\t\t\t\t\t\t\t\t\t\t\t\t<figure class=\"wp-caption\">\n\t\t\t\t\t\t\t\t\t\t<img decoding=\"async\" width=\"150\" height=\"150\" src=\"https:\/\/cmie.ca\/wp-content\/uploads\/2023\/09\/SON--150x150.png\" class=\"attachment-thumbnail size-thumbnail wp-image-469\" alt=\"\" srcset=\"https:\/\/cmie.ca\/wp-content\/uploads\/2023\/09\/SON--150x150.png 150w, https:\/\/cmie.ca\/wp-content\/uploads\/2023\/09\/SON--300x300.png 300w, https:\/\/cmie.ca\/wp-content\/uploads\/2023\/09\/SON-.png 400w\" sizes=\"(max-width: 150px) 100vw, 150px\" \/>\t\t\t\t\t\t\t\t\t\t\t<figcaption class=\"widget-image-caption wp-caption-text\">Saugeen Ojibway Nation (SON)<\/figcaption>\n\t\t\t\t\t\t\t\t\t\t<\/figure>\n\t\t\t\t\t\t\t\t\t<\/div>\n\t\t\t\t<\/div>\n\t\t\t\t<div class=\"elementor-element elementor-element-4f03a63 elementor-invisible elementor-widget elementor-widget-image\" data-id=\"4f03a63\" data-element_type=\"widget\" data-settings=\"{&quot;_animation&quot;:&quot;fadeIn&quot;}\" data-widget_type=\"image.default\">\n\t\t\t\t<div class=\"elementor-widget-container\">\n\t\t\t\t\t\t\t\t\t\t\t\t\t\t\t<img decoding=\"async\" width=\"300\" height=\"95\" src=\"https:\/\/cmie.ca\/wp-content\/uploads\/2023\/09\/bruce-powe-300x95.png\" class=\"attachment-medium size-medium wp-image-467\" alt=\"\" srcset=\"https:\/\/cmie.ca\/wp-content\/uploads\/2023\/09\/bruce-powe-300x95.png 300w, https:\/\/cmie.ca\/wp-content\/uploads\/2023\/09\/bruce-powe-768x244.png 768w, https:\/\/cmie.ca\/wp-content\/uploads\/2023\/09\/bruce-powe.png 811w\" sizes=\"(max-width: 300px) 100vw, 300px\" \/>\t\t\t\t\t\t\t\t\t\t\t\t\t\t\t<\/div>\n\t\t\t\t<\/div>\n\t\t\t\t<\/div>\n\t\t\t\t\t<\/div>\n\t\t\t\t<\/div>\n\t\t\t\t<\/div>\n\t\t","protected":false},"excerpt":{"rendered":"<p>Travailler avec le Saugeen Ojibway Nation pour la production de lut\u00e9cium-177 Le financement du FSI couvrira une partie du co\u00fbt de la conception, de l&rsquo;installation et de l&rsquo;exploitation du syst\u00e8me de production d&rsquo;isotopes de Bruce Power dans l&rsquo;unit\u00e9 7, qui a \u00e9t\u00e9 install\u00e9 et a commenc\u00e9 la production commerciale de lut\u00e9tium-177 \u00e0 la fin de &#8230; <a title=\"Travailler avec le Saugeen Ojibway Nation pour la production de lut\u00e9cium-177\" class=\"read-more\" href=\"https:\/\/cmie.ca\/fr\/nos-projets\/travailler-avec-le-saugeen-ojibway-nation-pour-la-production-de-lutecium-177\/\" aria-label=\"En savoir plus sur Travailler avec le Saugeen Ojibway Nation pour la production de lut\u00e9cium-177\">Lire plus<\/a><\/p>\n","protected":false},"author":1,"featured_media":0,"parent":685,"menu_order":0,"comment_status":"closed","ping_status":"closed","template":"elementor_header_footer","meta":{"footnotes":""},"class_list":["post-679","page","type-page","status-publish"],"_links":{"self":[{"href":"https:\/\/cmie.ca\/fr\/wp-json\/wp\/v2\/pages\/679","targetHints":{"allow":["GET"]}}],"collection":[{"href":"https:\/\/cmie.ca\/fr\/wp-json\/wp\/v2\/pages"}],"about":[{"href":"https:\/\/cmie.ca\/fr\/wp-json\/wp\/v2\/types\/page"}],"author":[{"embeddable":true,"href":"https:\/\/cmie.ca\/fr\/wp-json\/wp\/v2\/users\/1"}],"replies":[{"embeddable":true,"href":"https:\/\/cmie.ca\/fr\/wp-json\/wp\/v2\/comments?post=679"}],"version-history":[{"count":47,"href":"https:\/\/cmie.ca\/fr\/wp-json\/wp\/v2\/pages\/679\/revisions"}],"predecessor-version":[{"id":2497,"href":"https:\/\/cmie.ca\/fr\/wp-json\/wp\/v2\/pages\/679\/revisions\/2497"}],"up":[{"embeddable":true,"href":"https:\/\/cmie.ca\/fr\/wp-json\/wp\/v2\/pages\/685"}],"wp:attachment":[{"href":"https:\/\/cmie.ca\/fr\/wp-json\/wp\/v2\/media?parent=679"}],"curies":[{"name":"wp","href":"https:\/\/api.w.org\/{rel}","templated":true}]}}