{"id":678,"date":"2023-09-14T12:55:31","date_gmt":"2023-09-14T16:55:31","guid":{"rendered":"https:\/\/cmie.ca\/production-of-gallium-68-to-address-supply-chain-shortage\/"},"modified":"2023-11-14T09:32:58","modified_gmt":"2023-11-14T14:32:58","slug":"production-de-gallium-68-pour-remedier-a-la-penurie-dans-la-chaine-dapprovisionnement","status":"publish","type":"page","link":"https:\/\/cmie.ca\/fr\/nos-projets\/production-de-gallium-68-pour-remedier-a-la-penurie-dans-la-chaine-dapprovisionnement\/","title":{"rendered":"Production de gallium-68 pour rem\u00e9dier \u00e0 la p\u00e9nurie dans la cha\u00eene d&rsquo;approvisionnement"},"content":{"rendered":"\t\t<div data-elementor-type=\"wp-page\" data-elementor-id=\"678\" class=\"elementor elementor-678\" data-elementor-post-type=\"page\">\n\t\t\t\t<div class=\"elementor-element elementor-element-ad65c58 e-flex e-con-boxed e-con e-parent\" data-id=\"ad65c58\" data-element_type=\"container\" id=\"blue\" data-settings=\"{&quot;background_background&quot;:&quot;classic&quot;}\">\n\t\t\t\t\t<div class=\"e-con-inner\">\n\t\t\t\t<div class=\"elementor-element elementor-element-a66a85c elementor-widget elementor-widget-heading\" data-id=\"a66a85c\" data-element_type=\"widget\" id=\"gradient-text\" data-widget_type=\"heading.default\">\n\t\t\t\t<div class=\"elementor-widget-container\">\n\t\t\t\t\t<h2 class=\"elementor-heading-title elementor-size-default\">Relever les d\u00e9fis de la cha\u00eene d'approvisionnement du Gallium-68<\/h2>\t\t\t\t<\/div>\n\t\t\t\t<\/div>\n\t\t\t\t<div class=\"elementor-element elementor-element-78f1b2e elementor-widget elementor-widget-spacer\" data-id=\"78f1b2e\" data-element_type=\"widget\" data-widget_type=\"spacer.default\">\n\t\t\t\t<div class=\"elementor-widget-container\">\n\t\t\t\t\t\t\t<div class=\"elementor-spacer\">\n\t\t\t<div class=\"elementor-spacer-inner\"><\/div>\n\t\t<\/div>\n\t\t\t\t\t\t<\/div>\n\t\t\t\t<\/div>\n\t\t\t\t\t<\/div>\n\t\t\t\t<\/div>\n\t\t<div class=\"elementor-element elementor-element-e229134 e-flex e-con-boxed e-con e-parent\" data-id=\"e229134\" data-element_type=\"container\" data-settings=\"{&quot;background_background&quot;:&quot;classic&quot;}\">\n\t\t\t\t\t<div class=\"e-con-inner\">\n\t\t<div class=\"elementor-element elementor-element-c092703 e-con-full e-flex e-con e-child\" data-id=\"c092703\" data-element_type=\"container\">\n\t\t\t\t<div class=\"elementor-element elementor-element-4270b4c elementor-widget elementor-widget-text-editor\" data-id=\"4270b4c\" data-element_type=\"widget\" data-widget_type=\"text-editor.default\">\n\t\t\t\t<div class=\"elementor-widget-container\">\n\t\t\t\t\t\t\t\t\t<p>Le gallium-68 (Ga-68) est un isotope particuli\u00e8rement difficile \u00e0 utiliser car sa demi-vie n&rsquo;est qu&rsquo;une heure.<\/p><p>Un petit g\u00e9n\u00e9rateur de radio-isotopes portable peut \u00eatre envoy\u00e9 aux h\u00f4pitaux et aux centres de recherche comme source alternative de Ga-68.<\/p><p><b>TRIUMF et BWXT <\/b><b>collaboreront<\/b><b> pour <\/b><b>d\u00e9velopper<\/b><b> et <\/b><b>commercialiser<\/b> <b>plusieurs<\/b> <b>nouvelles<\/b> <b>m\u00e9thodes<\/b><b> de production de Ga-68, <\/b><b>permettant<\/b> <b>une<\/b><b> production <\/b><b>efficace<\/b><b> de Ga-68\/Ge-68 sur des cyclotrons <\/b><b>\u00e0<\/b> <b>basse<\/b><b> et <\/b><b>\u00e0<\/b><b> haute <\/b><b>\u00e9nergie<\/b><b>.<\/b><\/p><p>La technologie d\u00e9velopp\u00e9e gr\u00e2ce \u00e0 ces travaux peut facilement \u00eatre diffus\u00e9e dans n\u2019importe quel laboratoire de recherche en radiopharmacie ou en radiochimie au Canada.<\/p>\t\t\t\t\t\t\t\t<\/div>\n\t\t\t\t<\/div>\n\t\t\t\t<div class=\"elementor-element elementor-element-050e290 elementor-widget elementor-widget-image\" data-id=\"050e290\" data-element_type=\"widget\" data-widget_type=\"image.default\">\n\t\t\t\t<div class=\"elementor-widget-container\">\n\t\t\t\t\t\t\t\t\t\t\t\t\t\t\t<img fetchpriority=\"high\" decoding=\"async\" width=\"1650\" height=\"800\" src=\"https:\/\/cmie.ca\/wp-content\/uploads\/2023\/10\/lab.jpg\" class=\"attachment-full size-full wp-image-1815\" alt=\"\" srcset=\"https:\/\/cmie.ca\/wp-content\/uploads\/2023\/10\/lab.jpg 1650w, https:\/\/cmie.ca\/wp-content\/uploads\/2023\/10\/lab-300x145.jpg 300w, https:\/\/cmie.ca\/wp-content\/uploads\/2023\/10\/lab-1024x496.jpg 1024w, https:\/\/cmie.ca\/wp-content\/uploads\/2023\/10\/lab-768x372.jpg 768w, https:\/\/cmie.ca\/wp-content\/uploads\/2023\/10\/lab-1536x745.jpg 1536w\" sizes=\"(max-width: 1650px) 100vw, 1650px\" \/>\t\t\t\t\t\t\t\t\t\t\t\t\t\t\t<\/div>\n\t\t\t\t<\/div>\n\t\t\t\t<div class=\"elementor-element elementor-element-c4a8cd0 elementor-widget elementor-widget-spacer\" data-id=\"c4a8cd0\" data-element_type=\"widget\" data-widget_type=\"spacer.default\">\n\t\t\t\t<div class=\"elementor-widget-container\">\n\t\t\t\t\t\t\t<div class=\"elementor-spacer\">\n\t\t\t<div class=\"elementor-spacer-inner\"><\/div>\n\t\t<\/div>\n\t\t\t\t\t\t<\/div>\n\t\t\t\t<\/div>\n\t\t\t\t<div class=\"elementor-element elementor-element-d3ba782 elementor-align-left elementor-widget__width-inherit elementor-invisible elementor-widget elementor-widget-button\" data-id=\"d3ba782\" data-element_type=\"widget\" data-settings=\"{&quot;_animation&quot;:&quot;fadeIn&quot;}\" data-widget_type=\"button.default\">\n\t\t\t\t<div class=\"elementor-widget-container\">\n\t\t\t\t\t\t\t\t\t<div class=\"elementor-button-wrapper\">\n\t\t\t\t\t<a class=\"elementor-button elementor-button-link elementor-size-md\" href=\"https:\/\/cmie.ca\/fr\/nos-projets\/\">\n\t\t\t\t\t\t<span class=\"elementor-button-content-wrapper\">\n\t\t\t\t\t\t<span class=\"elementor-button-icon\">\n\t\t\t\t<i aria-hidden=\"true\" class=\"fas fa-arrow-left\"><\/i>\t\t\t<\/span>\n\t\t\t\t\t\t\t\t\t<span class=\"elementor-button-text\">Retourner<\/span>\n\t\t\t\t\t<\/span>\n\t\t\t\t\t<\/a>\n\t\t\t\t<\/div>\n\t\t\t\t\t\t\t\t<\/div>\n\t\t\t\t<\/div>\n\t\t\t\t<div class=\"elementor-element elementor-element-c237d9a elementor-widget elementor-widget-spacer\" data-id=\"c237d9a\" data-element_type=\"widget\" data-widget_type=\"spacer.default\">\n\t\t\t\t<div class=\"elementor-widget-container\">\n\t\t\t\t\t\t\t<div class=\"elementor-spacer\">\n\t\t\t<div class=\"elementor-spacer-inner\"><\/div>\n\t\t<\/div>\n\t\t\t\t\t\t<\/div>\n\t\t\t\t<\/div>\n\t\t\t\t<\/div>\n\t\t<div class=\"elementor-element elementor-element-cf5697b e-con-full e-flex e-con e-child\" data-id=\"cf5697b\" data-element_type=\"container\">\n\t\t\t\t<div class=\"elementor-element elementor-element-55ae26b elementor-invisible elementor-widget elementor-widget-image\" data-id=\"55ae26b\" data-element_type=\"widget\" data-settings=\"{&quot;_animation&quot;:&quot;fadeIn&quot;}\" data-widget_type=\"image.default\">\n\t\t\t\t<div class=\"elementor-widget-container\">\n\t\t\t\t\t\t\t\t\t\t\t\t\t\t\t<img decoding=\"async\" width=\"300\" height=\"65\" src=\"https:\/\/cmie.ca\/wp-content\/uploads\/2023\/09\/triumf-300x65.png\" class=\"attachment-medium size-medium wp-image-471\" alt=\"\" srcset=\"https:\/\/cmie.ca\/wp-content\/uploads\/2023\/09\/triumf-300x65.png 300w, https:\/\/cmie.ca\/wp-content\/uploads\/2023\/09\/triumf-1024x220.png 1024w, https:\/\/cmie.ca\/wp-content\/uploads\/2023\/09\/triumf-768x165.png 768w, https:\/\/cmie.ca\/wp-content\/uploads\/2023\/09\/triumf-1536x331.png 1536w, https:\/\/cmie.ca\/wp-content\/uploads\/2023\/09\/triumf-2048x441.png 2048w\" sizes=\"(max-width: 300px) 100vw, 300px\" \/>\t\t\t\t\t\t\t\t\t\t\t\t\t\t\t<\/div>\n\t\t\t\t<\/div>\n\t\t\t\t<div class=\"elementor-element elementor-element-149b311 elementor-invisible elementor-widget elementor-widget-image\" data-id=\"149b311\" data-element_type=\"widget\" data-settings=\"{&quot;_animation&quot;:&quot;fadeIn&quot;}\" data-widget_type=\"image.default\">\n\t\t\t\t<div class=\"elementor-widget-container\">\n\t\t\t\t\t\t\t\t\t\t\t\t\t\t\t<img decoding=\"async\" width=\"300\" height=\"150\" src=\"https:\/\/cmie.ca\/wp-content\/uploads\/2023\/09\/BWXT-Medical-300x150.png\" class=\"attachment-medium size-medium wp-image-468\" alt=\"\" srcset=\"https:\/\/cmie.ca\/wp-content\/uploads\/2023\/09\/BWXT-Medical-300x150.png 300w, https:\/\/cmie.ca\/wp-content\/uploads\/2023\/09\/BWXT-Medical.png 500w\" sizes=\"(max-width: 300px) 100vw, 300px\" \/>\t\t\t\t\t\t\t\t\t\t\t\t\t\t\t<\/div>\n\t\t\t\t<\/div>\n\t\t\t\t<\/div>\n\t\t\t\t\t<\/div>\n\t\t\t\t<\/div>\n\t\t\t\t<\/div>\n\t\t","protected":false},"excerpt":{"rendered":"<p>Relever les d\u00e9fis de la cha\u00eene d&rsquo;approvisionnement du Gallium-68 Le gallium-68 (Ga-68) est un isotope particuli\u00e8rement difficile \u00e0 utiliser car sa demi-vie n&rsquo;est qu&rsquo;une heure. Un petit g\u00e9n\u00e9rateur de radio-isotopes portable peut \u00eatre envoy\u00e9 aux h\u00f4pitaux et aux centres de recherche comme source alternative de Ga-68. TRIUMF et BWXT collaboreront pour d\u00e9velopper et commercialiser plusieurs &#8230; <a title=\"Production de gallium-68 pour rem\u00e9dier \u00e0 la p\u00e9nurie dans la cha\u00eene d&rsquo;approvisionnement\" class=\"read-more\" href=\"https:\/\/cmie.ca\/fr\/nos-projets\/production-de-gallium-68-pour-remedier-a-la-penurie-dans-la-chaine-dapprovisionnement\/\" aria-label=\"En savoir plus sur Production de gallium-68 pour rem\u00e9dier \u00e0 la p\u00e9nurie dans la cha\u00eene d&rsquo;approvisionnement\">Lire plus<\/a><\/p>\n","protected":false},"author":1,"featured_media":0,"parent":685,"menu_order":0,"comment_status":"closed","ping_status":"closed","template":"elementor_header_footer","meta":{"footnotes":""},"class_list":["post-678","page","type-page","status-publish"],"_links":{"self":[{"href":"https:\/\/cmie.ca\/fr\/wp-json\/wp\/v2\/pages\/678","targetHints":{"allow":["GET"]}}],"collection":[{"href":"https:\/\/cmie.ca\/fr\/wp-json\/wp\/v2\/pages"}],"about":[{"href":"https:\/\/cmie.ca\/fr\/wp-json\/wp\/v2\/types\/page"}],"author":[{"embeddable":true,"href":"https:\/\/cmie.ca\/fr\/wp-json\/wp\/v2\/users\/1"}],"replies":[{"embeddable":true,"href":"https:\/\/cmie.ca\/fr\/wp-json\/wp\/v2\/comments?post=678"}],"version-history":[{"count":30,"href":"https:\/\/cmie.ca\/fr\/wp-json\/wp\/v2\/pages\/678\/revisions"}],"predecessor-version":[{"id":2503,"href":"https:\/\/cmie.ca\/fr\/wp-json\/wp\/v2\/pages\/678\/revisions\/2503"}],"up":[{"embeddable":true,"href":"https:\/\/cmie.ca\/fr\/wp-json\/wp\/v2\/pages\/685"}],"wp:attachment":[{"href":"https:\/\/cmie.ca\/fr\/wp-json\/wp\/v2\/media?parent=678"}],"curies":[{"name":"wp","href":"https:\/\/api.w.org\/{rel}","templated":true}]}}