{"id":677,"date":"2023-09-14T12:55:47","date_gmt":"2023-09-14T16:55:47","guid":{"rendered":"https:\/\/cmie.ca\/expanding-medical-isotope-research-development-and-production-at-the-mcmaster-nuclear-reactor\/"},"modified":"2023-11-14T09:50:12","modified_gmt":"2023-11-14T14:50:12","slug":"expansion-de-la-recherche-du-developpement-et-de-la-production-disotopes-medicaux-au-reacteur-nucleaire-mcmaster","status":"publish","type":"page","link":"https:\/\/cmie.ca\/fr\/nos-projets\/expansion-de-la-recherche-du-developpement-et-de-la-production-disotopes-medicaux-au-reacteur-nucleaire-mcmaster\/","title":{"rendered":"Expansion de la recherche, du d\u00e9veloppement et de la production d&rsquo;isotopes m\u00e9dicaux au r\u00e9acteur nucl\u00e9aire McMaster"},"content":{"rendered":"\t\t<div data-elementor-type=\"wp-page\" data-elementor-id=\"677\" class=\"elementor elementor-677 elementor-245\" data-elementor-post-type=\"page\">\n\t\t\t\t<div class=\"elementor-element elementor-element-0717658 e-flex e-con-boxed e-con e-parent\" data-id=\"0717658\" data-element_type=\"container\" id=\"blue\" data-settings=\"{&quot;background_background&quot;:&quot;classic&quot;}\">\n\t\t\t\t\t<div class=\"e-con-inner\">\n\t\t\t\t<div class=\"elementor-element elementor-element-028d6f8 elementor-widget elementor-widget-heading\" data-id=\"028d6f8\" data-element_type=\"widget\" id=\"gradient-text\" data-widget_type=\"heading.default\">\n\t\t\t\t<div class=\"elementor-widget-container\">\n\t\t\t\t\t<h2 class=\"elementor-heading-title elementor-size-default\">Expansion de la recherche, du d\u00e9veloppement et de la production d\u2019isotopes m\u00e9dicaux: Universit\u00e9 McMaster<\/h2>\t\t\t\t<\/div>\n\t\t\t\t<\/div>\n\t\t\t\t<div class=\"elementor-element elementor-element-39e1067 elementor-widget elementor-widget-spacer\" data-id=\"39e1067\" data-element_type=\"widget\" data-widget_type=\"spacer.default\">\n\t\t\t\t<div class=\"elementor-widget-container\">\n\t\t\t\t\t\t\t<div class=\"elementor-spacer\">\n\t\t\t<div class=\"elementor-spacer-inner\"><\/div>\n\t\t<\/div>\n\t\t\t\t\t\t<\/div>\n\t\t\t\t<\/div>\n\t\t\t\t\t<\/div>\n\t\t\t\t<\/div>\n\t\t<div class=\"elementor-element elementor-element-173db6c e-flex e-con-boxed e-con e-parent\" data-id=\"173db6c\" data-element_type=\"container\" data-settings=\"{&quot;background_background&quot;:&quot;classic&quot;}\">\n\t\t\t\t\t<div class=\"e-con-inner\">\n\t\t<div class=\"elementor-element elementor-element-540e0a1 e-con-full e-flex e-con e-child\" data-id=\"540e0a1\" data-element_type=\"container\">\n\t\t\t\t<div class=\"elementor-element elementor-element-26b292c elementor-widget elementor-widget-text-editor\" data-id=\"26b292c\" data-element_type=\"widget\" data-widget_type=\"text-editor.default\">\n\t\t\t\t<div class=\"elementor-widget-container\">\n\t\t\t\t\t\t\t\t\t<p>Le r\u00e9acteur nucl\u00e9aire McMaster est actuellement le plus grand fournisseur mondial d\u2019I-125.<\/p><p>Le r\u00e9acteur est r\u00e9cemment devenu le producteur nord-am\u00e9ricain de QuiremSpheres.<\/p><p>Le r\u00e9acteur vise \u00e0 augmenter les heures d\u2019ouverture de 70 %, ce qui lui permettra de soutenir des programmes suppl\u00e9mentaires de recherche, de d\u00e9veloppement et de production d\u2019isotopes m\u00e9dicaux.<\/p>\t\t\t\t\t\t\t\t<\/div>\n\t\t\t\t<\/div>\n\t\t\t\t<div class=\"elementor-element elementor-element-d561e94 elementor-widget elementor-widget-image\" data-id=\"d561e94\" data-element_type=\"widget\" data-widget_type=\"image.default\">\n\t\t\t\t<div class=\"elementor-widget-container\">\n\t\t\t\t\t\t\t\t\t\t\t\t\t\t\t<img fetchpriority=\"high\" decoding=\"async\" width=\"768\" height=\"429\" src=\"https:\/\/cmie.ca\/wp-content\/uploads\/2023\/11\/mcmaster-768x429.png\" class=\"attachment-medium_large size-medium_large wp-image-2535\" alt=\"\" srcset=\"https:\/\/cmie.ca\/wp-content\/uploads\/2023\/11\/mcmaster-768x429.png 768w, https:\/\/cmie.ca\/wp-content\/uploads\/2023\/11\/mcmaster-300x168.png 300w, https:\/\/cmie.ca\/wp-content\/uploads\/2023\/11\/mcmaster-1024x572.png 1024w, https:\/\/cmie.ca\/wp-content\/uploads\/2023\/11\/mcmaster-1536x858.png 1536w, https:\/\/cmie.ca\/wp-content\/uploads\/2023\/11\/mcmaster-2048x1144.png 2048w\" sizes=\"(max-width: 768px) 100vw, 768px\" \/>\t\t\t\t\t\t\t\t\t\t\t\t\t\t\t<\/div>\n\t\t\t\t<\/div>\n\t\t\t\t<div class=\"elementor-element elementor-element-ed31ee3 elementor-widget elementor-widget-spacer\" data-id=\"ed31ee3\" data-element_type=\"widget\" data-widget_type=\"spacer.default\">\n\t\t\t\t<div class=\"elementor-widget-container\">\n\t\t\t\t\t\t\t<div class=\"elementor-spacer\">\n\t\t\t<div class=\"elementor-spacer-inner\"><\/div>\n\t\t<\/div>\n\t\t\t\t\t\t<\/div>\n\t\t\t\t<\/div>\n\t\t\t\t<div class=\"elementor-element elementor-element-1a0b5a4 elementor-align-left elementor-widget__width-inherit elementor-invisible elementor-widget elementor-widget-button\" data-id=\"1a0b5a4\" data-element_type=\"widget\" data-settings=\"{&quot;_animation&quot;:&quot;fadeIn&quot;}\" data-widget_type=\"button.default\">\n\t\t\t\t<div class=\"elementor-widget-container\">\n\t\t\t\t\t\t\t\t\t<div class=\"elementor-button-wrapper\">\n\t\t\t\t\t<a class=\"elementor-button elementor-button-link elementor-size-md\" href=\"https:\/\/cmie.ca\/fr\/nos-projets\/\">\n\t\t\t\t\t\t<span class=\"elementor-button-content-wrapper\">\n\t\t\t\t\t\t<span class=\"elementor-button-icon\">\n\t\t\t\t<i aria-hidden=\"true\" class=\"fas fa-arrow-left\"><\/i>\t\t\t<\/span>\n\t\t\t\t\t\t\t\t\t<span class=\"elementor-button-text\">Retourner<\/span>\n\t\t\t\t\t<\/span>\n\t\t\t\t\t<\/a>\n\t\t\t\t<\/div>\n\t\t\t\t\t\t\t\t<\/div>\n\t\t\t\t<\/div>\n\t\t\t\t<div class=\"elementor-element elementor-element-50e3314 elementor-widget elementor-widget-spacer\" data-id=\"50e3314\" data-element_type=\"widget\" data-widget_type=\"spacer.default\">\n\t\t\t\t<div class=\"elementor-widget-container\">\n\t\t\t\t\t\t\t<div class=\"elementor-spacer\">\n\t\t\t<div class=\"elementor-spacer-inner\"><\/div>\n\t\t<\/div>\n\t\t\t\t\t\t<\/div>\n\t\t\t\t<\/div>\n\t\t\t\t<\/div>\n\t\t<div class=\"elementor-element elementor-element-cc980d0 e-con-full e-flex e-con e-child\" data-id=\"cc980d0\" data-element_type=\"container\">\n\t\t\t\t<div class=\"elementor-element elementor-element-36b75d5 elementor-invisible elementor-widget elementor-widget-image\" data-id=\"36b75d5\" data-element_type=\"widget\" data-settings=\"{&quot;_animation&quot;:&quot;fadeIn&quot;}\" data-widget_type=\"image.default\">\n\t\t\t\t<div class=\"elementor-widget-container\">\n\t\t\t\t\t\t\t\t\t\t\t\t\t\t\t<img decoding=\"async\" width=\"700\" height=\"400\" src=\"https:\/\/cmie.ca\/wp-content\/uploads\/2023\/09\/McMaster.png\" class=\"attachment-large size-large wp-image-473\" alt=\"\" srcset=\"https:\/\/cmie.ca\/wp-content\/uploads\/2023\/09\/McMaster.png 700w, https:\/\/cmie.ca\/wp-content\/uploads\/2023\/09\/McMaster-300x171.png 300w\" sizes=\"(max-width: 700px) 100vw, 700px\" \/>\t\t\t\t\t\t\t\t\t\t\t\t\t\t\t<\/div>\n\t\t\t\t<\/div>\n\t\t\t\t<\/div>\n\t\t\t\t\t<\/div>\n\t\t\t\t<\/div>\n\t\t\t\t<\/div>\n\t\t","protected":false},"excerpt":{"rendered":"<p>Expansion de la recherche, du d\u00e9veloppement et de la production d\u2019isotopes m\u00e9dicaux: Universit\u00e9 McMaster Le r\u00e9acteur nucl\u00e9aire McMaster est actuellement le plus grand fournisseur mondial d\u2019I-125. Le r\u00e9acteur est r\u00e9cemment devenu le producteur nord-am\u00e9ricain de QuiremSpheres. Le r\u00e9acteur vise \u00e0 augmenter les heures d\u2019ouverture de 70 %, ce qui lui permettra de soutenir des programmes &#8230; <a title=\"Expansion de la recherche, du d\u00e9veloppement et de la production d&rsquo;isotopes m\u00e9dicaux au r\u00e9acteur nucl\u00e9aire McMaster\" class=\"read-more\" href=\"https:\/\/cmie.ca\/fr\/nos-projets\/expansion-de-la-recherche-du-developpement-et-de-la-production-disotopes-medicaux-au-reacteur-nucleaire-mcmaster\/\" aria-label=\"En savoir plus sur Expansion de la recherche, du d\u00e9veloppement et de la production d&rsquo;isotopes m\u00e9dicaux au r\u00e9acteur nucl\u00e9aire McMaster\">Lire plus<\/a><\/p>\n","protected":false},"author":1,"featured_media":0,"parent":685,"menu_order":0,"comment_status":"closed","ping_status":"closed","template":"elementor_header_footer","meta":{"footnotes":""},"class_list":["post-677","page","type-page","status-publish"],"_links":{"self":[{"href":"https:\/\/cmie.ca\/fr\/wp-json\/wp\/v2\/pages\/677","targetHints":{"allow":["GET"]}}],"collection":[{"href":"https:\/\/cmie.ca\/fr\/wp-json\/wp\/v2\/pages"}],"about":[{"href":"https:\/\/cmie.ca\/fr\/wp-json\/wp\/v2\/types\/page"}],"author":[{"embeddable":true,"href":"https:\/\/cmie.ca\/fr\/wp-json\/wp\/v2\/users\/1"}],"replies":[{"embeddable":true,"href":"https:\/\/cmie.ca\/fr\/wp-json\/wp\/v2\/comments?post=677"}],"version-history":[{"count":35,"href":"https:\/\/cmie.ca\/fr\/wp-json\/wp\/v2\/pages\/677\/revisions"}],"predecessor-version":[{"id":2544,"href":"https:\/\/cmie.ca\/fr\/wp-json\/wp\/v2\/pages\/677\/revisions\/2544"}],"up":[{"embeddable":true,"href":"https:\/\/cmie.ca\/fr\/wp-json\/wp\/v2\/pages\/685"}],"wp:attachment":[{"href":"https:\/\/cmie.ca\/fr\/wp-json\/wp\/v2\/media?parent=677"}],"curies":[{"name":"wp","href":"https:\/\/api.w.org\/{rel}","templated":true}]}}