{"id":676,"date":"2023-09-14T12:56:02","date_gmt":"2023-09-14T16:56:02","guid":{"rendered":"https:\/\/cmie.ca\/manufacturing-support-for-early-stage-ventures\/"},"modified":"2023-11-14T09:33:58","modified_gmt":"2023-11-14T14:33:58","slug":"soutien-a-la-fabrication-pour-les-entreprises-en-phase-de-demarrage","status":"publish","type":"page","link":"https:\/\/cmie.ca\/fr\/nos-projets\/soutien-a-la-fabrication-pour-les-entreprises-en-phase-de-demarrage\/","title":{"rendered":"Soutien \u00e0 la fabrication pour les entreprises en phase de d\u00e9marrage"},"content":{"rendered":"\t\t<div data-elementor-type=\"wp-page\" data-elementor-id=\"676\" class=\"elementor elementor-676 elementor-247\" data-elementor-post-type=\"page\">\n\t\t\t\t<div class=\"elementor-element elementor-element-753dea7 e-flex e-con-boxed e-con e-parent\" data-id=\"753dea7\" data-element_type=\"container\" id=\"blue\" data-settings=\"{&quot;background_background&quot;:&quot;classic&quot;}\">\n\t\t\t\t\t<div class=\"e-con-inner\">\n\t\t\t\t<div class=\"elementor-element elementor-element-85b0f2b elementor-widget elementor-widget-heading\" data-id=\"85b0f2b\" data-element_type=\"widget\" id=\"gradient-text\" data-widget_type=\"heading.default\">\n\t\t\t\t<div class=\"elementor-widget-container\">\n\t\t\t\t\t<h2 class=\"elementor-heading-title elementor-size-default\">Soutien clinique et pr\u00e9clinique pour les produits radiopharmaceutiques<\/h2>\t\t\t\t<\/div>\n\t\t\t\t<\/div>\n\t\t\t\t<div class=\"elementor-element elementor-element-9ca156d elementor-widget elementor-widget-spacer\" data-id=\"9ca156d\" data-element_type=\"widget\" data-widget_type=\"spacer.default\">\n\t\t\t\t<div class=\"elementor-widget-container\">\n\t\t\t\t\t\t\t<div class=\"elementor-spacer\">\n\t\t\t<div class=\"elementor-spacer-inner\"><\/div>\n\t\t<\/div>\n\t\t\t\t\t\t<\/div>\n\t\t\t\t<\/div>\n\t\t\t\t\t<\/div>\n\t\t\t\t<\/div>\n\t\t<div class=\"elementor-element elementor-element-a42d7e0 e-flex e-con-boxed e-con e-parent\" data-id=\"a42d7e0\" data-element_type=\"container\" data-settings=\"{&quot;background_background&quot;:&quot;classic&quot;}\">\n\t\t\t\t\t<div class=\"e-con-inner\">\n\t\t<div class=\"elementor-element elementor-element-84969d9 e-con-full e-flex e-con e-child\" data-id=\"84969d9\" data-element_type=\"container\">\n\t\t\t\t<div class=\"elementor-element elementor-element-f62015a elementor-widget elementor-widget-text-editor\" data-id=\"f62015a\" data-element_type=\"widget\" data-widget_type=\"text-editor.default\">\n\t\t\t\t<div class=\"elementor-widget-container\">\n\t\t\t\t\t\t\t\t\t<p>L\u2019investissement du CMIE tire parti de l\u2019expertise radiopharmaceutique du Centre de d\u00e9veloppement et de commercialisation de sondes pour soutenir les entreprises et les chercheurs universitaires dans le d\u00e9veloppement de produits diagnostiques et th\u00e9rapeutiques. Plus pr\u00e9cis\u00e9ment, ce projet poursuivra les objectifs suivants :<\/p><p>Faire progresser et financer des projets de recherche ou de d\u00e9veloppement prometteurs par le biais d&rsquo;\u00e9tudes pr\u00e9cliniques, de processus de fabrication BPF, de d\u00e9p\u00f4ts d&rsquo;IND et d&rsquo;essais cliniques conform\u00e9ment aux r\u00e9glementations de Sant\u00e9 Canada et de la FDA\u00a0; et<\/p><p>\u00c9tablir et mettre en \u0153uvre une approche pour la production de lut\u00e9cium-177 en GMPc pour les essais cliniques, et conseiller et produire d&rsquo;autres radio-isotopes GMPc \u00e9mergents.<\/p>\t\t\t\t\t\t\t\t<\/div>\n\t\t\t\t<\/div>\n\t\t\t\t<div class=\"elementor-element elementor-element-dfda195 elementor-widget elementor-widget-image\" data-id=\"dfda195\" data-element_type=\"widget\" data-widget_type=\"image.default\">\n\t\t\t\t<div class=\"elementor-widget-container\">\n\t\t\t\t\t\t\t\t\t\t\t\t\t\t\t<img fetchpriority=\"high\" decoding=\"async\" width=\"248\" height=\"270\" src=\"https:\/\/cmie.ca\/wp-content\/uploads\/2023\/09\/CPDC.jpg\" class=\"attachment-full size-full wp-image-482\" alt=\"\" \/>\t\t\t\t\t\t\t\t\t\t\t\t\t\t\t<\/div>\n\t\t\t\t<\/div>\n\t\t\t\t<div class=\"elementor-element elementor-element-264fda1 elementor-widget elementor-widget-spacer\" data-id=\"264fda1\" data-element_type=\"widget\" data-widget_type=\"spacer.default\">\n\t\t\t\t<div class=\"elementor-widget-container\">\n\t\t\t\t\t\t\t<div class=\"elementor-spacer\">\n\t\t\t<div class=\"elementor-spacer-inner\"><\/div>\n\t\t<\/div>\n\t\t\t\t\t\t<\/div>\n\t\t\t\t<\/div>\n\t\t\t\t<div class=\"elementor-element elementor-element-572d0f5 elementor-align-left elementor-widget__width-inherit elementor-invisible elementor-widget elementor-widget-button\" data-id=\"572d0f5\" data-element_type=\"widget\" data-settings=\"{&quot;_animation&quot;:&quot;fadeIn&quot;}\" data-widget_type=\"button.default\">\n\t\t\t\t<div class=\"elementor-widget-container\">\n\t\t\t\t\t\t\t\t\t<div class=\"elementor-button-wrapper\">\n\t\t\t\t\t<a class=\"elementor-button elementor-button-link elementor-size-md\" href=\"https:\/\/cmie.ca\/fr\/projets-fsi\/\">\n\t\t\t\t\t\t<span class=\"elementor-button-content-wrapper\">\n\t\t\t\t\t\t<span class=\"elementor-button-icon\">\n\t\t\t\t<i aria-hidden=\"true\" class=\"fas fa-arrow-left\"><\/i>\t\t\t<\/span>\n\t\t\t\t\t\t\t\t\t<span class=\"elementor-button-text\">Retourner<\/span>\n\t\t\t\t\t<\/span>\n\t\t\t\t\t<\/a>\n\t\t\t\t<\/div>\n\t\t\t\t\t\t\t\t<\/div>\n\t\t\t\t<\/div>\n\t\t\t\t<div class=\"elementor-element elementor-element-dff4c75 elementor-widget elementor-widget-spacer\" data-id=\"dff4c75\" data-element_type=\"widget\" data-widget_type=\"spacer.default\">\n\t\t\t\t<div class=\"elementor-widget-container\">\n\t\t\t\t\t\t\t<div class=\"elementor-spacer\">\n\t\t\t<div class=\"elementor-spacer-inner\"><\/div>\n\t\t<\/div>\n\t\t\t\t\t\t<\/div>\n\t\t\t\t<\/div>\n\t\t\t\t<\/div>\n\t\t<div class=\"elementor-element elementor-element-8c7f180 e-con-full e-flex e-con e-child\" data-id=\"8c7f180\" data-element_type=\"container\">\n\t\t\t\t<div class=\"elementor-element elementor-element-ae3187f elementor-invisible elementor-widget elementor-widget-image\" data-id=\"ae3187f\" data-element_type=\"widget\" data-settings=\"{&quot;_animation&quot;:&quot;fadeIn&quot;}\" data-widget_type=\"image.default\">\n\t\t\t\t<div class=\"elementor-widget-container\">\n\t\t\t\t\t\t\t\t\t\t\t\t\t\t\t<img decoding=\"async\" width=\"300\" height=\"208\" src=\"https:\/\/cmie.ca\/wp-content\/uploads\/2023\/11\/CPDC-Logo-stacked-300x208.png\" class=\"attachment-medium size-medium wp-image-2251\" alt=\"\" srcset=\"https:\/\/cmie.ca\/wp-content\/uploads\/2023\/11\/CPDC-Logo-stacked-300x208.png 300w, https:\/\/cmie.ca\/wp-content\/uploads\/2023\/11\/CPDC-Logo-stacked-1024x710.png 1024w, https:\/\/cmie.ca\/wp-content\/uploads\/2023\/11\/CPDC-Logo-stacked-768x533.png 768w, https:\/\/cmie.ca\/wp-content\/uploads\/2023\/11\/CPDC-Logo-stacked-1536x1066.png 1536w, https:\/\/cmie.ca\/wp-content\/uploads\/2023\/11\/CPDC-Logo-stacked-2048x1421.png 2048w\" sizes=\"(max-width: 300px) 100vw, 300px\" \/>\t\t\t\t\t\t\t\t\t\t\t\t\t\t\t<\/div>\n\t\t\t\t<\/div>\n\t\t\t\t<\/div>\n\t\t\t\t\t<\/div>\n\t\t\t\t<\/div>\n\t\t\t\t<\/div>\n\t\t","protected":false},"excerpt":{"rendered":"<p>Soutien clinique et pr\u00e9clinique pour les produits radiopharmaceutiques L\u2019investissement du CMIE tire parti de l\u2019expertise radiopharmaceutique du Centre de d\u00e9veloppement et de commercialisation de sondes pour soutenir les entreprises et les chercheurs universitaires dans le d\u00e9veloppement de produits diagnostiques et th\u00e9rapeutiques. Plus pr\u00e9cis\u00e9ment, ce projet poursuivra les objectifs suivants : Faire progresser et financer des &#8230; <a title=\"Soutien \u00e0 la fabrication pour les entreprises en phase de d\u00e9marrage\" class=\"read-more\" href=\"https:\/\/cmie.ca\/fr\/nos-projets\/soutien-a-la-fabrication-pour-les-entreprises-en-phase-de-demarrage\/\" aria-label=\"En savoir plus sur Soutien \u00e0 la fabrication pour les entreprises en phase de d\u00e9marrage\">Lire plus<\/a><\/p>\n","protected":false},"author":1,"featured_media":0,"parent":685,"menu_order":0,"comment_status":"closed","ping_status":"closed","template":"elementor_header_footer","meta":{"footnotes":""},"class_list":["post-676","page","type-page","status-publish"],"_links":{"self":[{"href":"https:\/\/cmie.ca\/fr\/wp-json\/wp\/v2\/pages\/676","targetHints":{"allow":["GET"]}}],"collection":[{"href":"https:\/\/cmie.ca\/fr\/wp-json\/wp\/v2\/pages"}],"about":[{"href":"https:\/\/cmie.ca\/fr\/wp-json\/wp\/v2\/types\/page"}],"author":[{"embeddable":true,"href":"https:\/\/cmie.ca\/fr\/wp-json\/wp\/v2\/users\/1"}],"replies":[{"embeddable":true,"href":"https:\/\/cmie.ca\/fr\/wp-json\/wp\/v2\/comments?post=676"}],"version-history":[{"count":30,"href":"https:\/\/cmie.ca\/fr\/wp-json\/wp\/v2\/pages\/676\/revisions"}],"predecessor-version":[{"id":2509,"href":"https:\/\/cmie.ca\/fr\/wp-json\/wp\/v2\/pages\/676\/revisions\/2509"}],"up":[{"embeddable":true,"href":"https:\/\/cmie.ca\/fr\/wp-json\/wp\/v2\/pages\/685"}],"wp:attachment":[{"href":"https:\/\/cmie.ca\/fr\/wp-json\/wp\/v2\/media?parent=676"}],"curies":[{"name":"wp","href":"https:\/\/api.w.org\/{rel}","templated":true}]}}