{"id":6284,"date":"2026-04-21T14:15:45","date_gmt":"2026-04-21T18:15:45","guid":{"rendered":"https:\/\/cmie.ca\/?page_id=6284"},"modified":"2026-04-22T11:45:42","modified_gmt":"2026-04-22T15:45:42","slug":"3e-conference-sponsors","status":"publish","type":"page","link":"https:\/\/cmie.ca\/fr\/conference26\/3e-conference-sponsors\/","title":{"rendered":"3e conference sponsors"},"content":{"rendered":"\t\t<div data-elementor-type=\"wp-page\" data-elementor-id=\"6284\" class=\"elementor elementor-6284 elementor-6212\" data-elementor-post-type=\"page\">\n\t\t\t\t<div class=\"elementor-element elementor-element-30a871a e-flex e-con-boxed e-con e-parent\" data-id=\"30a871a\" data-element_type=\"container\" id=\"gradient\" data-settings=\"{&quot;background_background&quot;:&quot;classic&quot;}\">\n\t\t\t\t\t<div class=\"e-con-inner\">\n\t\t\t\t<div class=\"elementor-element elementor-element-bca7a34 elementor-nav-menu__align-center elementor-nav-menu--dropdown-none elementor-widget elementor-widget-nav-menu\" data-id=\"bca7a34\" data-element_type=\"widget\" data-settings=\"{&quot;layout&quot;:&quot;horizontal&quot;,&quot;submenu_icon&quot;:{&quot;value&quot;:&quot;&lt;i class=\\&quot;fas fa-caret-down\\&quot;&gt;&lt;\\\/i&gt;&quot;,&quot;library&quot;:&quot;fa-solid&quot;}}\" data-widget_type=\"nav-menu.default\">\n\t\t\t\t<div class=\"elementor-widget-container\">\n\t\t\t\t\t\t\t\t<nav aria-label=\"Menu\" class=\"elementor-nav-menu--main elementor-nav-menu__container elementor-nav-menu--layout-horizontal e--pointer-framed e--animation-fade\">\n\t\t\t\t<ul id=\"menu-1-bca7a34\" class=\"elementor-nav-menu\"><li class=\"menu-item menu-item-type-post_type menu-item-object-page menu-item-6290\"><a href=\"https:\/\/cmie.ca\/fr\/conference26\/\" class=\"elementor-item\">Info<\/a><\/li>\n<li class=\"menu-item menu-item-type-post_type menu-item-object-page menu-item-6291\"><a href=\"https:\/\/cmie.ca\/fr\/conference26\/3e-conference-sponsors\/\" class=\"elementor-item\">Sponsors<\/a><\/li>\n<li class=\"menu-item menu-item-type-post_type menu-item-object-page menu-item-6292\"><a href=\"https:\/\/cmie.ca\/fr\/conference26\/3e-conference-agenda\/\" class=\"elementor-item\">Agenda<\/a><\/li>\n<\/ul>\t\t\t<\/nav>\n\t\t\t\t\t\t<nav class=\"elementor-nav-menu--dropdown elementor-nav-menu__container\" aria-hidden=\"true\">\n\t\t\t\t<ul id=\"menu-2-bca7a34\" class=\"elementor-nav-menu\"><li class=\"menu-item menu-item-type-post_type menu-item-object-page menu-item-6290\"><a href=\"https:\/\/cmie.ca\/fr\/conference26\/\" class=\"elementor-item\" tabindex=\"-1\">Info<\/a><\/li>\n<li class=\"menu-item menu-item-type-post_type menu-item-object-page menu-item-6291\"><a href=\"https:\/\/cmie.ca\/fr\/conference26\/3e-conference-sponsors\/\" class=\"elementor-item\" tabindex=\"-1\">Sponsors<\/a><\/li>\n<li class=\"menu-item menu-item-type-post_type menu-item-object-page menu-item-6292\"><a href=\"https:\/\/cmie.ca\/fr\/conference26\/3e-conference-agenda\/\" class=\"elementor-item\" tabindex=\"-1\">Agenda<\/a><\/li>\n<\/ul>\t\t\t<\/nav>\n\t\t\t\t\t\t<\/div>\n\t\t\t\t<\/div>\n\t\t\t\t\t<\/div>\n\t\t\t\t<\/div>\n\t\t<div class=\"elementor-element elementor-element-555f4de e-flex e-con-boxed e-con e-parent\" data-id=\"555f4de\" data-element_type=\"container\" data-settings=\"{&quot;background_background&quot;:&quot;classic&quot;}\">\n\t\t\t\t\t<div class=\"e-con-inner\">\n\t\t<div class=\"elementor-element elementor-element-7b7d607 e-con-full e-flex e-con e-child\" data-id=\"7b7d607\" data-element_type=\"container\">\n\t\t\t\t<div class=\"elementor-element elementor-element-7dc0e4a elementor-widget__width-initial elementor-widget elementor-widget-heading\" data-id=\"7dc0e4a\" data-element_type=\"widget\" id=\"gradient-text\" data-widget_type=\"heading.default\">\n\t\t\t\t<div class=\"elementor-widget-container\">\n\t\t\t\t\t<h2 class=\"elementor-heading-title elementor-size-default\">3e conf\u00e9rence annuelle du CMIE sur les isotopes m\u00e9dicaux<\/h2>\t\t\t\t<\/div>\n\t\t\t\t<\/div>\n\t\t\t\t<div class=\"elementor-element elementor-element-29ac741 elementor-widget__width-inherit elementor-widget elementor-widget-text-editor\" data-id=\"29ac741\" data-element_type=\"widget\" data-widget_type=\"text-editor.default\">\n\t\t\t\t<div class=\"elementor-widget-container\">\n\t\t\t\t\t\t\t\t\t<p><strong>Novembre 26-27, 2026<\/strong><br \/>Montr\u00e9al, Qu\u00e9bec<\/p>\t\t\t\t\t\t\t\t<\/div>\n\t\t\t\t<\/div>\n\t\t\t\t<\/div>\n\t\t\t\t\t<\/div>\n\t\t\t\t<\/div>\n\t\t<div class=\"elementor-element elementor-element-ae37186 e-flex e-con-boxed e-con e-parent\" data-id=\"ae37186\" data-element_type=\"container\" data-settings=\"{&quot;background_background&quot;:&quot;classic&quot;}\">\n\t\t\t\t\t<div class=\"e-con-inner\">\n\t\t\t\t<div class=\"elementor-element elementor-element-73a5f1b elementor-widget__width-initial elementor-widget elementor-widget-text-editor\" data-id=\"73a5f1b\" data-element_type=\"widget\" data-widget_type=\"text-editor.default\">\n\t\t\t\t<div class=\"elementor-widget-container\">\n\t\t\t\t\t\t\t\t\t<h4>SPONSORS<\/h4><p>Nous adressons nos sinc\u00e8res remerciements \u00e0 nos sponsors ; votre soutien joue un r\u00f4le essentiel dans la r\u00e9alisation de cet \u00e9v\u00e9nement. Ensemble, nous tissons des liens, stimulons l&rsquo;innovation et faisons progresser l&rsquo;avenir de la science et de la technologie au Canada. Nous appr\u00e9cions votre partenariat et invitons d&rsquo;autres acteurs \u00e0 se joindre \u00e0 nous pour faire avancer cette importante initiative.<\/p>\t\t\t\t\t\t\t\t<\/div>\n\t\t\t\t<\/div>\n\t\t\t\t<div class=\"elementor-element elementor-element-472b3bd elementor-hidden-desktop elementor-hidden-tablet elementor-hidden-mobile elementor-widget elementor-widget-button\" data-id=\"472b3bd\" data-element_type=\"widget\" data-widget_type=\"button.default\">\n\t\t\t\t<div class=\"elementor-widget-container\">\n\t\t\t\t\t\t\t\t\t<div class=\"elementor-button-wrapper\">\n\t\t\t\t\t<a class=\"elementor-button elementor-button-link elementor-size-sm\" href=\"https:\/\/cmie.ca\/wp-content\/uploads\/2026\/04\/Sponsorship-Package-3rd-CMIE-Conference-.pdf\" target=\"_blank\">\n\t\t\t\t\t\t<span class=\"elementor-button-content-wrapper\">\n\t\t\t\t\t\t\t\t\t<span class=\"elementor-button-text\">View Sponsor Package<\/span>\n\t\t\t\t\t<\/span>\n\t\t\t\t\t<\/a>\n\t\t\t\t<\/div>\n\t\t\t\t\t\t\t\t<\/div>\n\t\t\t\t<\/div>\n\t\t\t\t\t<\/div>\n\t\t\t\t<\/div>\n\t\t<div class=\"elementor-element elementor-element-926d84f e-flex e-con-boxed e-con e-parent\" data-id=\"926d84f\" data-element_type=\"container\">\n\t\t\t\t\t<div class=\"e-con-inner\">\n\t\t\t\t<div class=\"elementor-element elementor-element-2839578 elementor-widget elementor-widget-image\" data-id=\"2839578\" data-element_type=\"widget\" data-widget_type=\"image.default\">\n\t\t\t\t<div class=\"elementor-widget-container\">\n\t\t\t\t\t\t\t\t\t\t\t\t\t\t\t<img fetchpriority=\"high\" decoding=\"async\" width=\"1024\" height=\"576\" src=\"https:\/\/cmie.ca\/wp-content\/uploads\/2026\/04\/Teal-Modern-Business-YouTube-Banner-3-2-1024x576.png\" class=\"attachment-large size-large wp-image-6257\" alt=\"\" srcset=\"https:\/\/cmie.ca\/wp-content\/uploads\/2026\/04\/Teal-Modern-Business-YouTube-Banner-3-2-1024x576.png 1024w, https:\/\/cmie.ca\/wp-content\/uploads\/2026\/04\/Teal-Modern-Business-YouTube-Banner-3-2-300x169.png 300w, https:\/\/cmie.ca\/wp-content\/uploads\/2026\/04\/Teal-Modern-Business-YouTube-Banner-3-2-768x432.png 768w, https:\/\/cmie.ca\/wp-content\/uploads\/2026\/04\/Teal-Modern-Business-YouTube-Banner-3-2-1536x864.png 1536w, https:\/\/cmie.ca\/wp-content\/uploads\/2026\/04\/Teal-Modern-Business-YouTube-Banner-3-2.png 1820w\" sizes=\"(max-width: 1024px) 100vw, 1024px\" \/>\t\t\t\t\t\t\t\t\t\t\t\t\t\t\t<\/div>\n\t\t\t\t<\/div>\n\t\t\t\t\t<\/div>\n\t\t\t\t<\/div>\n\t\t\t\t<\/div>\n\t\t","protected":false},"excerpt":{"rendered":"<p>3e conf\u00e9rence annuelle du CMIE sur les isotopes m\u00e9dicaux Novembre 26-27, 2026Montr\u00e9al, Qu\u00e9bec SPONSORS Nous adressons nos sinc\u00e8res remerciements \u00e0 nos sponsors ; votre soutien joue un r\u00f4le essentiel dans la r\u00e9alisation de cet \u00e9v\u00e9nement. Ensemble, nous tissons des liens, stimulons l&rsquo;innovation et faisons progresser l&rsquo;avenir de la science et de la technologie au Canada. &#8230; <a title=\"3e conference sponsors\" class=\"read-more\" href=\"https:\/\/cmie.ca\/fr\/conference26\/3e-conference-sponsors\/\" aria-label=\"En savoir plus sur 3e conference sponsors\">Lire plus<\/a><\/p>\n","protected":false},"author":1,"featured_media":0,"parent":6271,"menu_order":0,"comment_status":"closed","ping_status":"closed","template":"elementor_header_footer","meta":{"footnotes":""},"class_list":["post-6284","page","type-page","status-publish"],"_links":{"self":[{"href":"https:\/\/cmie.ca\/fr\/wp-json\/wp\/v2\/pages\/6284","targetHints":{"allow":["GET"]}}],"collection":[{"href":"https:\/\/cmie.ca\/fr\/wp-json\/wp\/v2\/pages"}],"about":[{"href":"https:\/\/cmie.ca\/fr\/wp-json\/wp\/v2\/types\/page"}],"author":[{"embeddable":true,"href":"https:\/\/cmie.ca\/fr\/wp-json\/wp\/v2\/users\/1"}],"replies":[{"embeddable":true,"href":"https:\/\/cmie.ca\/fr\/wp-json\/wp\/v2\/comments?post=6284"}],"version-history":[{"count":4,"href":"https:\/\/cmie.ca\/fr\/wp-json\/wp\/v2\/pages\/6284\/revisions"}],"predecessor-version":[{"id":6288,"href":"https:\/\/cmie.ca\/fr\/wp-json\/wp\/v2\/pages\/6284\/revisions\/6288"}],"up":[{"embeddable":true,"href":"https:\/\/cmie.ca\/fr\/wp-json\/wp\/v2\/pages\/6271"}],"wp:attachment":[{"href":"https:\/\/cmie.ca\/fr\/wp-json\/wp\/v2\/media?parent=6284"}],"curies":[{"name":"wp","href":"https:\/\/api.w.org\/{rel}","templated":true}]}}