{"id":6271,"date":"2026-04-21T13:19:23","date_gmt":"2026-04-21T17:19:23","guid":{"rendered":"https:\/\/cmie.ca\/?page_id=6271"},"modified":"2026-04-22T11:42:29","modified_gmt":"2026-04-22T15:42:29","slug":"conference26","status":"publish","type":"page","link":"https:\/\/cmie.ca\/fr\/conference26\/","title":{"rendered":"Conference26"},"content":{"rendered":"\t\t<div data-elementor-type=\"wp-page\" data-elementor-id=\"6271\" class=\"elementor elementor-6271 elementor-6191\" data-elementor-post-type=\"page\">\n\t\t\t\t<div class=\"elementor-element elementor-element-a3f5e80 e-flex e-con-boxed elementor-invisible e-con e-parent\" data-id=\"a3f5e80\" data-element_type=\"container\" id=\"gradient\" data-settings=\"{&quot;background_background&quot;:&quot;classic&quot;,&quot;animation&quot;:&quot;fadeInUp&quot;}\">\n\t\t\t\t\t<div class=\"e-con-inner\">\n\t\t\t\t<div class=\"elementor-element elementor-element-f7bebf4 elementor-nav-menu__align-center elementor-nav-menu--dropdown-none elementor-widget elementor-widget-nav-menu\" data-id=\"f7bebf4\" data-element_type=\"widget\" data-settings=\"{&quot;layout&quot;:&quot;horizontal&quot;,&quot;submenu_icon&quot;:{&quot;value&quot;:&quot;&lt;i class=\\&quot;fas fa-caret-down\\&quot;&gt;&lt;\\\/i&gt;&quot;,&quot;library&quot;:&quot;fa-solid&quot;}}\" data-widget_type=\"nav-menu.default\">\n\t\t\t\t<div class=\"elementor-widget-container\">\n\t\t\t\t\t\t\t\t<nav aria-label=\"Menu\" class=\"elementor-nav-menu--main elementor-nav-menu__container elementor-nav-menu--layout-horizontal e--pointer-framed e--animation-fade\">\n\t\t\t\t<ul id=\"menu-1-f7bebf4\" class=\"elementor-nav-menu\"><li class=\"menu-item menu-item-type-post_type menu-item-object-page menu-item-6290\"><a href=\"https:\/\/cmie.ca\/fr\/conference26\/\" class=\"elementor-item\">Info<\/a><\/li>\n<li class=\"menu-item menu-item-type-post_type menu-item-object-page menu-item-6291\"><a href=\"https:\/\/cmie.ca\/fr\/conference26\/3e-conference-sponsors\/\" class=\"elementor-item\">Sponsors<\/a><\/li>\n<li class=\"menu-item menu-item-type-post_type menu-item-object-page menu-item-6292\"><a href=\"https:\/\/cmie.ca\/fr\/conference26\/3e-conference-agenda\/\" class=\"elementor-item\">Agenda<\/a><\/li>\n<\/ul>\t\t\t<\/nav>\n\t\t\t\t\t\t<nav class=\"elementor-nav-menu--dropdown elementor-nav-menu__container\" aria-hidden=\"true\">\n\t\t\t\t<ul id=\"menu-2-f7bebf4\" class=\"elementor-nav-menu\"><li class=\"menu-item menu-item-type-post_type menu-item-object-page menu-item-6290\"><a href=\"https:\/\/cmie.ca\/fr\/conference26\/\" class=\"elementor-item\" tabindex=\"-1\">Info<\/a><\/li>\n<li class=\"menu-item menu-item-type-post_type menu-item-object-page menu-item-6291\"><a href=\"https:\/\/cmie.ca\/fr\/conference26\/3e-conference-sponsors\/\" class=\"elementor-item\" tabindex=\"-1\">Sponsors<\/a><\/li>\n<li class=\"menu-item menu-item-type-post_type menu-item-object-page menu-item-6292\"><a href=\"https:\/\/cmie.ca\/fr\/conference26\/3e-conference-agenda\/\" class=\"elementor-item\" tabindex=\"-1\">Agenda<\/a><\/li>\n<\/ul>\t\t\t<\/nav>\n\t\t\t\t\t\t<\/div>\n\t\t\t\t<\/div>\n\t\t\t\t\t<\/div>\n\t\t\t\t<\/div>\n\t\t<div class=\"elementor-element elementor-element-6c4531e e-flex e-con-boxed e-con e-parent\" data-id=\"6c4531e\" data-element_type=\"container\" data-settings=\"{&quot;background_background&quot;:&quot;classic&quot;}\">\n\t\t\t\t\t<div class=\"e-con-inner\">\n\t\t<div class=\"elementor-element elementor-element-7e26a8c e-con-full e-flex e-con e-child\" data-id=\"7e26a8c\" data-element_type=\"container\">\n\t\t\t\t<div class=\"elementor-element elementor-element-d669e89 elementor-widget elementor-widget-heading\" data-id=\"d669e89\" data-element_type=\"widget\" data-widget_type=\"heading.default\">\n\t\t\t\t<div class=\"elementor-widget-container\">\n\t\t\t\t\t<h2 class=\"elementor-heading-title elementor-size-default\">3e conf\u00e9rence annuelle du \u00c9CIM sur les isotopes m\u00e9dicaux<\/h2>\t\t\t\t<\/div>\n\t\t\t\t<\/div>\n\t\t\t\t<div class=\"elementor-element elementor-element-57efea6 elementor-widget elementor-widget-text-editor\" data-id=\"57efea6\" data-element_type=\"widget\" data-widget_type=\"text-editor.default\">\n\t\t\t\t<div class=\"elementor-widget-container\">\n\t\t\t\t\t\t\t\t\t<p><strong>Novembre 26-27, 2026<\/strong><br \/>Montr\u00e9al, Qu\u00e9bec<\/p>\t\t\t\t\t\t\t\t<\/div>\n\t\t\t\t<\/div>\n\t\t\t\t<\/div>\n\t\t\t\t\t<\/div>\n\t\t\t\t<\/div>\n\t\t<div class=\"elementor-element elementor-element-4ee02b8 e-flex e-con-boxed e-con e-parent\" data-id=\"4ee02b8\" data-element_type=\"container\" data-settings=\"{&quot;background_background&quot;:&quot;classic&quot;}\">\n\t\t\t\t\t<div class=\"e-con-inner\">\n\t\t\t\t<div class=\"elementor-element elementor-element-4894158 elementor-nav-menu__align-center elementor-nav-menu--dropdown-none elementor-widget elementor-widget-nav-menu\" data-id=\"4894158\" data-element_type=\"widget\" data-settings=\"{&quot;layout&quot;:&quot;horizontal&quot;,&quot;submenu_icon&quot;:{&quot;value&quot;:&quot;&lt;i class=\\&quot;fas fa-caret-down\\&quot;&gt;&lt;\\\/i&gt;&quot;,&quot;library&quot;:&quot;fa-solid&quot;}}\" data-widget_type=\"nav-menu.default\">\n\t\t\t\t<div class=\"elementor-widget-container\">\n\t\t\t\t\t\t\t\t<nav aria-label=\"Menu\" class=\"elementor-nav-menu--main elementor-nav-menu__container elementor-nav-menu--layout-horizontal e--pointer-framed e--animation-fade\">\n\t\t\t\t<ul id=\"menu-1-4894158\" class=\"elementor-nav-menu\"><li class=\"menu-item menu-item-type-post_type menu-item-object-page menu-item-6290\"><a href=\"https:\/\/cmie.ca\/fr\/conference26\/\" class=\"elementor-item\">Info<\/a><\/li>\n<li class=\"menu-item menu-item-type-post_type menu-item-object-page menu-item-6291\"><a href=\"https:\/\/cmie.ca\/fr\/conference26\/3e-conference-sponsors\/\" class=\"elementor-item\">Sponsors<\/a><\/li>\n<li class=\"menu-item menu-item-type-post_type menu-item-object-page menu-item-6292\"><a href=\"https:\/\/cmie.ca\/fr\/conference26\/3e-conference-agenda\/\" class=\"elementor-item\">Agenda<\/a><\/li>\n<\/ul>\t\t\t<\/nav>\n\t\t\t\t\t\t<nav class=\"elementor-nav-menu--dropdown elementor-nav-menu__container\" aria-hidden=\"true\">\n\t\t\t\t<ul id=\"menu-2-4894158\" class=\"elementor-nav-menu\"><li class=\"menu-item menu-item-type-post_type menu-item-object-page menu-item-6290\"><a href=\"https:\/\/cmie.ca\/fr\/conference26\/\" class=\"elementor-item\" tabindex=\"-1\">Info<\/a><\/li>\n<li class=\"menu-item menu-item-type-post_type menu-item-object-page menu-item-6291\"><a href=\"https:\/\/cmie.ca\/fr\/conference26\/3e-conference-sponsors\/\" class=\"elementor-item\" tabindex=\"-1\">Sponsors<\/a><\/li>\n<li class=\"menu-item menu-item-type-post_type menu-item-object-page menu-item-6292\"><a href=\"https:\/\/cmie.ca\/fr\/conference26\/3e-conference-agenda\/\" class=\"elementor-item\" tabindex=\"-1\">Agenda<\/a><\/li>\n<\/ul>\t\t\t<\/nav>\n\t\t\t\t\t\t<\/div>\n\t\t\t\t<\/div>\n\t\t\t\t\t<\/div>\n\t\t\t\t<\/div>\n\t\t<div class=\"elementor-element elementor-element-2dd579a e-flex e-con-boxed e-con e-parent\" data-id=\"2dd579a\" data-element_type=\"container\">\n\t\t\t\t\t<div class=\"e-con-inner\">\n\t\t\t\t<div class=\"elementor-element elementor-element-c96e376 elementor-widget elementor-widget-heading\" data-id=\"c96e376\" data-element_type=\"widget\" data-widget_type=\"heading.default\">\n\t\t\t\t<div class=\"elementor-widget-container\">\n\t\t\t\t\t<h2 class=\"elementor-heading-title elementor-size-default\">Plus d'informations \u00e0 venir !<\/h2>\t\t\t\t<\/div>\n\t\t\t\t<\/div>\n\t\t\t\t\t<\/div>\n\t\t\t\t<\/div>\n\t\t<div class=\"elementor-element elementor-element-1f8ad3c e-flex e-con-boxed e-con e-parent\" data-id=\"1f8ad3c\" data-element_type=\"container\" data-settings=\"{&quot;background_background&quot;:&quot;classic&quot;}\">\n\t\t\t\t\t<div class=\"e-con-inner\">\n\t\t\t\t<div class=\"elementor-element elementor-element-03b74fb elementor-widget elementor-widget-text-editor\" data-id=\"03b74fb\" data-element_type=\"widget\" data-widget_type=\"text-editor.default\">\n\t\t\t\t<div class=\"elementor-widget-container\">\n\t\t\t\t\t\t\t\t\t<h1>Favoriser la d\u00e9couverte. G\u00e9n\u00e9rer un impact.<\/h1><p>La <b>conf\u00e9rence sur l\u2019\u00e9cosyst\u00e8me canadien des isotopes m\u00e9dicaux (\u00c9CIM)<\/b> est un forum national d\u00e9di\u00e9 \u00e0 la promotion de l\u2019\u00e9cosyst\u00e8me canadien des isotopes m\u00e9dicaux et des produits radiopharmaceutiques. Pour sa <b>troisi\u00e8me \u00e9dition<\/b>, la conf\u00e9rence rassemble des leaders issus de l\u2019<b>industrie, de la recherche, du gouvernement, du secteur de la sant\u00e9 et de l\u2019investissement<\/b> afin de renforcer le leadership mondial du Canada en mati\u00e8re d\u2019innovation, de production et de commercialisation.<\/p><p>Organis\u00e9e sur deux jours \u00e0 Montr\u00e9al, la conf\u00e9rence vise \u00e0 traduire l<b>&lsquo;excellence scientifique en impact concret<\/b>, qu&rsquo;il s&rsquo;agisse de d\u00e9ployer \u00e0 grande \u00e9chelle les innovations canadiennes, de renforcer les cha\u00eenes d&rsquo;approvisionnement ou de soutenir la cr\u00e9ation d&#8217;emplois et la croissance \u00e9conomique.<\/p><p>La conf\u00e9rence \u00c9CIM sert de plateforme nationale pour explorer les d\u00e9fis actuels, les opportunit\u00e9s \u00e9mergentes et l&rsquo;orientation future des isotopes m\u00e9dicaux au Canada, tout en mettant en avant les programmes et technologies innovants soutenus par le <b>Fonds de d\u00e9veloppement de l&rsquo;\u00c9CIM (CMIEDF)<\/b>.<\/p><h3>Pourquoi est-ce important aujourd\u2019hui ?<\/h3><p>Le Canada occupe une position unique pour jouer un r\u00f4le de premier plan dans l\u2019innovation en mati\u00e8re d\u2019isotopes m\u00e9dicaux, mais le succ\u00e8s d\u00e9pend de l\u2019alignement strat\u00e9gique et de la collaboration au sein de l\u2019\u00e9cosyst\u00e8me.<\/p><p><strong>Les principaux domaines d\u2019action sont les suivants :<\/strong><\/p><ul><li>Renforcer la r\u00e9silience de la cha\u00eene d\u2019approvisionnement<\/li><li>Acc\u00e9l\u00e9rer la commercialisation et la mise \u00e0 l\u2019\u00e9chelle<\/li><li>Faire le lien entre la recherche, la r\u00e9glementation et l\u2019adoption clinique<\/li><li>\u00c9tablir des partenariats pour \u00e9largir l\u2019acc\u00e8s au march\u00e9 mondial<\/li><\/ul><p><em>Des d\u00e9tails suppl\u00e9mentaires sur le programme seront annonc\u00e9s.<\/em><\/p><p>Si vous avez des questions, veuillez contacter <b>info@cmie.ca<\/b>.<\/p>\t\t\t\t\t\t\t\t<\/div>\n\t\t\t\t<\/div>\n\t\t\t\t\t<\/div>\n\t\t\t\t<\/div>\n\t\t\t\t<\/div>\n\t\t","protected":false},"excerpt":{"rendered":"<p>3e conf\u00e9rence annuelle du \u00c9CIM sur les isotopes m\u00e9dicaux Novembre 26-27, 2026Montr\u00e9al, Qu\u00e9bec Plus d&rsquo;informations \u00e0 venir ! Favoriser la d\u00e9couverte. G\u00e9n\u00e9rer un impact. La conf\u00e9rence sur l\u2019\u00e9cosyst\u00e8me canadien des isotopes m\u00e9dicaux (\u00c9CIM) est un forum national d\u00e9di\u00e9 \u00e0 la promotion de l\u2019\u00e9cosyst\u00e8me canadien des isotopes m\u00e9dicaux et des produits radiopharmaceutiques. Pour sa troisi\u00e8me \u00e9dition, &#8230; <a title=\"Conference26\" class=\"read-more\" href=\"https:\/\/cmie.ca\/fr\/conference26\/\" aria-label=\"En savoir plus sur Conference26\">Lire plus<\/a><\/p>\n","protected":false},"author":1,"featured_media":0,"parent":0,"menu_order":0,"comment_status":"closed","ping_status":"closed","template":"elementor_header_footer","meta":{"footnotes":""},"class_list":["post-6271","page","type-page","status-publish"],"_links":{"self":[{"href":"https:\/\/cmie.ca\/fr\/wp-json\/wp\/v2\/pages\/6271","targetHints":{"allow":["GET"]}}],"collection":[{"href":"https:\/\/cmie.ca\/fr\/wp-json\/wp\/v2\/pages"}],"about":[{"href":"https:\/\/cmie.ca\/fr\/wp-json\/wp\/v2\/types\/page"}],"author":[{"embeddable":true,"href":"https:\/\/cmie.ca\/fr\/wp-json\/wp\/v2\/users\/1"}],"replies":[{"embeddable":true,"href":"https:\/\/cmie.ca\/fr\/wp-json\/wp\/v2\/comments?post=6271"}],"version-history":[{"count":7,"href":"https:\/\/cmie.ca\/fr\/wp-json\/wp\/v2\/pages\/6271\/revisions"}],"predecessor-version":[{"id":6278,"href":"https:\/\/cmie.ca\/fr\/wp-json\/wp\/v2\/pages\/6271\/revisions\/6278"}],"wp:attachment":[{"href":"https:\/\/cmie.ca\/fr\/wp-json\/wp\/v2\/media?parent=6271"}],"curies":[{"name":"wp","href":"https:\/\/api.w.org\/{rel}","templated":true}]}}