{"id":2570,"date":"2023-11-03T15:40:20","date_gmt":"2023-11-03T19:40:20","guid":{"rendered":"https:\/\/cmie.ca\/past-events\/"},"modified":"2025-04-01T13:12:44","modified_gmt":"2025-04-01T17:12:44","slug":"evenements-passes","status":"publish","type":"page","link":"https:\/\/cmie.ca\/fr\/evenements-passes\/","title":{"rendered":"\u00e9v\u00e9nements pass\u00e9s"},"content":{"rendered":"\t\t<div data-elementor-type=\"wp-page\" data-elementor-id=\"2570\" class=\"elementor elementor-2570 elementor-2180\" data-elementor-post-type=\"page\">\n\t\t\t\t<div class=\"elementor-element elementor-element-16d126d e-flex e-con-boxed e-con e-parent\" data-id=\"16d126d\" data-element_type=\"container\" id=\"blue\" data-settings=\"{&quot;background_background&quot;:&quot;classic&quot;}\">\n\t\t\t\t\t<div class=\"e-con-inner\">\n\t\t\t\t<div class=\"elementor-element elementor-element-9740559 elementor-widget elementor-widget-heading\" data-id=\"9740559\" data-element_type=\"widget\" id=\"gradient-text\" data-widget_type=\"heading.default\">\n\t\t\t\t<div class=\"elementor-widget-container\">\n\t\t\t\t\t<h2 class=\"elementor-heading-title elementor-size-default\">\u00e9v\u00e9nements pass\u00e9s<\/h2>\t\t\t\t<\/div>\n\t\t\t\t<\/div>\n\t\t\t\t\t<\/div>\n\t\t\t\t<\/div>\n\t\t<div class=\"elementor-element elementor-element-40d1ccb e-flex e-con-boxed e-con e-parent\" data-id=\"40d1ccb\" data-element_type=\"container\" data-settings=\"{&quot;background_background&quot;:&quot;classic&quot;}\">\n\t\t\t\t\t<div class=\"e-con-inner\">\n\t\t<div class=\"elementor-element elementor-element-e170de2 e-con-full e-flex e-con e-child\" data-id=\"e170de2\" data-element_type=\"container\">\n\t\t\t\t<div class=\"elementor-element elementor-element-a3d2800 elementor-widget elementor-widget-video\" data-id=\"a3d2800\" data-element_type=\"widget\" data-settings=\"{&quot;youtube_url&quot;:&quot;https:\\\/\\\/youtu.be\\\/wFo2vcgGinc&quot;,&quot;video_type&quot;:&quot;youtube&quot;,&quot;controls&quot;:&quot;yes&quot;}\" data-widget_type=\"video.default\">\n\t\t\t\t<div class=\"elementor-widget-container\">\n\t\t\t\t\t\t\t<div class=\"elementor-wrapper elementor-open-inline\">\n\t\t\t<div class=\"elementor-video\"><\/div>\t\t<\/div>\n\t\t\t\t\t\t<\/div>\n\t\t\t\t<\/div>\n\t\t\t\t<div class=\"elementor-element elementor-element-0965ee9 elementor-widget elementor-widget-text-editor\" data-id=\"0965ee9\" data-element_type=\"widget\" data-widget_type=\"text-editor.default\">\n\t\t\t\t<div class=\"elementor-widget-container\">\n\t\t\t\t\t\t\t\t\t<p>D\u00e9veloppement de m\u00e9dicaments radiopharmaceutiques au Canada<br \/>24 f\u00e9vrier 2025<\/p>\t\t\t\t\t\t\t\t<\/div>\n\t\t\t\t<\/div>\n\t\t\t\t<\/div>\n\t\t<div class=\"elementor-element elementor-element-2afce70 e-con-full e-flex e-con e-child\" data-id=\"2afce70\" data-element_type=\"container\">\n\t\t\t\t<div class=\"elementor-element elementor-element-d9521df elementor-widget elementor-widget-image\" data-id=\"d9521df\" data-element_type=\"widget\" data-widget_type=\"image.default\">\n\t\t\t\t<div class=\"elementor-widget-container\">\n\t\t\t\t\t\t\t\t\t\t\t\t\t\t\t<img fetchpriority=\"high\" decoding=\"async\" width=\"1024\" height=\"683\" src=\"https:\/\/cmie.ca\/wp-content\/uploads\/2025\/03\/418_CMIE_Vancouver_2024-1.jpg\" class=\"attachment-large size-large wp-image-3615\" alt=\"\" srcset=\"https:\/\/cmie.ca\/wp-content\/uploads\/2025\/03\/418_CMIE_Vancouver_2024-1.jpg 1024w, https:\/\/cmie.ca\/wp-content\/uploads\/2025\/03\/418_CMIE_Vancouver_2024-1-300x200.jpg 300w, https:\/\/cmie.ca\/wp-content\/uploads\/2025\/03\/418_CMIE_Vancouver_2024-1-768x512.jpg 768w\" sizes=\"(max-width: 1024px) 100vw, 1024px\" \/>\t\t\t\t\t\t\t\t\t\t\t\t\t\t\t<\/div>\n\t\t\t\t<\/div>\n\t\t\t\t<div class=\"elementor-element elementor-element-93295cc elementor-widget elementor-widget-text-editor\" data-id=\"93295cc\" data-element_type=\"widget\" data-widget_type=\"text-editor.default\">\n\t\t\t\t<div class=\"elementor-widget-container\">\n\t\t\t\t\t\t\t\t\t<a href=\"https:\/\/cmie.ca\/1st-annual-cmie-cnic-symposium-on-medical-isotopes-a-resounding-success-in-vancouver\/\">Le 1er symposium annuel \u00c9CIM -CNIC sur les isotopes m\u00e9dicaux conna\u00eet un succ\u00e8s retentissant \u00e0 Vancouver<\/a>\t\t\t\t\t\t\t\t<\/div>\n\t\t\t\t<\/div>\n\t\t\t\t<div class=\"elementor-element elementor-element-14769eb elementor-widget elementor-widget-text-editor\" data-id=\"14769eb\" data-element_type=\"widget\" data-widget_type=\"text-editor.default\">\n\t\t\t\t<div class=\"elementor-widget-container\">\n\t\t\t\t\t\t\t\t\t<p>Symposium inaugural du \u00c9CIM sur les isotopes m\u00e9dicaux<br \/>12 &#8211; 13 d\u00e9cembre 2024<\/p>\t\t\t\t\t\t\t\t<\/div>\n\t\t\t\t<\/div>\n\t\t\t\t<\/div>\n\t\t<div class=\"elementor-element elementor-element-dc2ac2b e-con-full e-flex e-con e-child\" data-id=\"dc2ac2b\" data-element_type=\"container\">\n\t\t\t\t<div class=\"elementor-element elementor-element-6e54dd4 elementor-widget elementor-widget-video\" data-id=\"6e54dd4\" data-element_type=\"widget\" data-settings=\"{&quot;youtube_url&quot;:&quot;https:\\\/\\\/youtu.be\\\/uiFR67M5LKQ&quot;,&quot;video_type&quot;:&quot;youtube&quot;,&quot;controls&quot;:&quot;yes&quot;}\" data-widget_type=\"video.default\">\n\t\t\t\t<div class=\"elementor-widget-container\">\n\t\t\t\t\t\t\t<div class=\"elementor-wrapper elementor-open-inline\">\n\t\t\t<div class=\"elementor-video\"><\/div>\t\t<\/div>\n\t\t\t\t\t\t<\/div>\n\t\t\t\t<\/div>\n\t\t\t\t<div class=\"elementor-element elementor-element-df518cd elementor-widget elementor-widget-text-editor\" data-id=\"df518cd\" data-element_type=\"widget\" data-widget_type=\"text-editor.default\">\n\t\t\t\t<div class=\"elementor-widget-container\">\n\t\t\t\t\t\t\t\t\t<p>Garantir l&rsquo;investissement pour les isotopes : Strat\u00e9gies \u00e9ussies pour lever des capitaux<br \/>3 d\u00e9cembre 2024<\/p>\t\t\t\t\t\t\t\t<\/div>\n\t\t\t\t<\/div>\n\t\t\t\t<\/div>\n\t\t<div class=\"elementor-element elementor-element-23085f2 e-con-full e-flex e-con e-child\" data-id=\"23085f2\" data-element_type=\"container\">\n\t\t\t\t<div class=\"elementor-element elementor-element-a883cca elementor-widget elementor-widget-image\" data-id=\"a883cca\" data-element_type=\"widget\" data-widget_type=\"image.default\">\n\t\t\t\t<div class=\"elementor-widget-container\">\n\t\t\t\t\t\t\t\t\t\t\t\t\t\t\t<img decoding=\"async\" width=\"458\" height=\"271\" src=\"https:\/\/cmie.ca\/wp-content\/uploads\/2025\/03\/news-2025-e1741720001260-1.jpg\" class=\"attachment-large size-large wp-image-3619\" alt=\"\" srcset=\"https:\/\/cmie.ca\/wp-content\/uploads\/2025\/03\/news-2025-e1741720001260-1.jpg 458w, https:\/\/cmie.ca\/wp-content\/uploads\/2025\/03\/news-2025-e1741720001260-1-300x178.jpg 300w\" sizes=\"(max-width: 458px) 100vw, 458px\" \/>\t\t\t\t\t\t\t\t\t\t\t\t\t\t\t<\/div>\n\t\t\t\t<\/div>\n\t\t\t\t<div class=\"elementor-element elementor-element-86e7401 elementor-widget elementor-widget-text-editor\" data-id=\"86e7401\" data-element_type=\"widget\" data-widget_type=\"text-editor.default\">\n\t\t\t\t<div class=\"elementor-widget-container\">\n\t\t\t\t\t\t\t\t\t<p>Ateliers EANM<br \/>Du 20 au 22 octobre 2024<\/p>\t\t\t\t\t\t\t\t<\/div>\n\t\t\t\t<\/div>\n\t\t\t\t<div class=\"elementor-element elementor-element-6914ec8 elementor-widget elementor-widget-text-editor\" data-id=\"6914ec8\" data-element_type=\"widget\" data-widget_type=\"text-editor.default\">\n\t\t\t\t<div class=\"elementor-widget-container\">\n\t\t\t\t\t\t\t\t\tLe \u00c9CIM, en collaboration avec le Canadian Nuclear Isotope Council (CNIC) et l&rsquo;Organization of Canadian Nuclear Industries (OCNI), a organis\u00e9 trois ateliers auxquels ont particip\u00e9 des d\u00e9l\u00e9gu\u00e9s canadiens \u00e0 la conf\u00e9rence de l&rsquo;European Association of Nuclear Medicine (EANM) \u00e0 Hambourg, en Allemagne. Ces sessions ont mis en valeur les chefs de file du secteur canadien des isotopes, ainsi que les b\u00e9n\u00e9ficiaires du Fonds de D\u00e9veloppement du \u00c9CIM, qui ont pr\u00e9sent\u00e9 leurs programmes \u00e0 un public international.\t\t\t\t\t\t\t\t<\/div>\n\t\t\t\t<\/div>\n\t\t\t\t<\/div>\n\t\t<div class=\"elementor-element elementor-element-c59ffa5 e-con-full e-flex e-con e-child\" data-id=\"c59ffa5\" data-element_type=\"container\">\n\t\t\t\t<div class=\"elementor-element elementor-element-87c1c25 elementor-widget elementor-widget-video\" data-id=\"87c1c25\" data-element_type=\"widget\" data-settings=\"{&quot;youtube_url&quot;:&quot;https:\\\/\\\/youtu.be\\\/KQXfnarMGj4&quot;,&quot;video_type&quot;:&quot;youtube&quot;,&quot;controls&quot;:&quot;yes&quot;}\" data-widget_type=\"video.default\">\n\t\t\t\t<div class=\"elementor-widget-container\">\n\t\t\t\t\t\t\t<div class=\"elementor-wrapper elementor-open-inline\">\n\t\t\t<div class=\"elementor-video\"><\/div>\t\t<\/div>\n\t\t\t\t\t\t<\/div>\n\t\t\t\t<\/div>\n\t\t\t\t<div class=\"elementor-element elementor-element-9ac801b elementor-widget elementor-widget-text-editor\" data-id=\"9ac801b\" data-element_type=\"widget\" data-widget_type=\"text-editor.default\">\n\t\t\t\t<div class=\"elementor-widget-container\">\n\t\t\t\t\t\t\t\t\t<p>Investir dans les isotopes : Pourquoi maintenant c&rsquo;est le bon moment<br \/>18 septembre 2024<\/p>\t\t\t\t\t\t\t\t<\/div>\n\t\t\t\t<\/div>\n\t\t\t\t<\/div>\n\t\t<div class=\"elementor-element elementor-element-3ba4c64 e-con-full e-flex e-con e-child\" data-id=\"3ba4c64\" data-element_type=\"container\">\n\t\t\t\t<div class=\"elementor-element elementor-element-27d0cd0 elementor-widget elementor-widget-video\" data-id=\"27d0cd0\" data-element_type=\"widget\" data-settings=\"{&quot;youtube_url&quot;:&quot;https:\\\/\\\/youtu.be\\\/6w0d5j1ogQo&quot;,&quot;video_type&quot;:&quot;youtube&quot;,&quot;controls&quot;:&quot;yes&quot;}\" data-widget_type=\"video.default\">\n\t\t\t\t<div class=\"elementor-widget-container\">\n\t\t\t\t\t\t\t<div class=\"elementor-wrapper elementor-open-inline\">\n\t\t\t<div class=\"elementor-video\"><\/div>\t\t<\/div>\n\t\t\t\t\t\t<\/div>\n\t\t\t\t<\/div>\n\t\t\t\t<div class=\"elementor-element elementor-element-af41516 elementor-widget elementor-widget-text-editor\" data-id=\"af41516\" data-element_type=\"widget\" data-widget_type=\"text-editor.default\">\n\t\t\t\t<div class=\"elementor-widget-container\">\n\t\t\t\t\t\t\t\t\t<p>Canadian Radiotheranostics Leaders\u2019 Summit 2024<br \/>6-7 juin 2024<\/p>\t\t\t\t\t\t\t\t<\/div>\n\t\t\t\t<\/div>\n\t\t\t\t<\/div>\n\t\t<div class=\"elementor-element elementor-element-b120be7 e-con-full e-flex e-con e-child\" data-id=\"b120be7\" data-element_type=\"container\">\n\t\t\t\t<div class=\"elementor-element elementor-element-fcff07c elementor-widget elementor-widget-video\" data-id=\"fcff07c\" data-element_type=\"widget\" data-settings=\"{&quot;youtube_url&quot;:&quot;https:\\\/\\\/youtu.be\\\/P47KUBBan-A&quot;,&quot;video_type&quot;:&quot;youtube&quot;,&quot;controls&quot;:&quot;yes&quot;}\" data-widget_type=\"video.default\">\n\t\t\t\t<div class=\"elementor-widget-container\">\n\t\t\t\t\t\t\t<div class=\"elementor-wrapper elementor-open-inline\">\n\t\t\t<div class=\"elementor-video\"><\/div>\t\t<\/div>\n\t\t\t\t\t\t<\/div>\n\t\t\t\t<\/div>\n\t\t\t\t<div class=\"elementor-element elementor-element-8cd5678 elementor-widget elementor-widget-text-editor\" data-id=\"8cd5678\" data-element_type=\"widget\" data-widget_type=\"text-editor.default\">\n\t\t\t\t<div class=\"elementor-widget-container\">\n\t\t\t\t\t\t\t\t\t<p>Session d&rsquo;information sur le financement du \u00c9CIM<br \/>16 novembre 2023<\/p>\t\t\t\t\t\t\t\t<\/div>\n\t\t\t\t<\/div>\n\t\t\t\t<\/div>\n\t\t\t\t\t<\/div>\n\t\t\t\t<\/div>\n\t\t<div class=\"elementor-element elementor-element-425f066 e-flex e-con-boxed e-con e-parent\" data-id=\"425f066\" data-element_type=\"container\" id=\"blue\" data-settings=\"{&quot;background_background&quot;:&quot;classic&quot;}\">\n\t\t\t\t\t<div class=\"e-con-inner\">\n\t\t<div class=\"elementor-element elementor-element-0365f82 e-con-full e-flex e-con e-child\" data-id=\"0365f82\" data-element_type=\"container\">\n\t\t\t\t<div class=\"elementor-element elementor-element-5a1aaa3 elementor-widget elementor-widget-spacer\" data-id=\"5a1aaa3\" data-element_type=\"widget\" data-widget_type=\"spacer.default\">\n\t\t\t\t<div class=\"elementor-widget-container\">\n\t\t\t\t\t\t\t<div class=\"elementor-spacer\">\n\t\t\t<div class=\"elementor-spacer-inner\"><\/div>\n\t\t<\/div>\n\t\t\t\t\t\t<\/div>\n\t\t\t\t<\/div>\n\t\t\t\t<\/div>\n\t\t\t\t\t<\/div>\n\t\t\t\t<\/div>\n\t\t\t\t<\/div>\n\t\t","protected":false},"excerpt":{"rendered":"<p>\u00e9v\u00e9nements pass\u00e9s https:\/\/youtu.be\/wFo2vcgGinc D\u00e9veloppement de m\u00e9dicaments radiopharmaceutiques au Canada24 f\u00e9vrier 2025 Le 1er symposium annuel \u00c9CIM -CNIC sur les isotopes m\u00e9dicaux conna\u00eet un succ\u00e8s retentissant \u00e0 Vancouver Symposium inaugural du \u00c9CIM sur les isotopes m\u00e9dicaux12 &#8211; 13 d\u00e9cembre 2024 https:\/\/youtu.be\/uiFR67M5LKQ Garantir l&rsquo;investissement pour les isotopes : Strat\u00e9gies \u00e9ussies pour lever des capitaux3 d\u00e9cembre 2024 Ateliers &#8230; <a title=\"\u00e9v\u00e9nements pass\u00e9s\" class=\"read-more\" href=\"https:\/\/cmie.ca\/fr\/evenements-passes\/\" aria-label=\"En savoir plus sur \u00e9v\u00e9nements pass\u00e9s\">Lire plus<\/a><\/p>\n","protected":false},"author":1,"featured_media":0,"parent":0,"menu_order":0,"comment_status":"closed","ping_status":"closed","template":"elementor_header_footer","meta":{"footnotes":""},"class_list":["post-2570","page","type-page","status-publish"],"_links":{"self":[{"href":"https:\/\/cmie.ca\/fr\/wp-json\/wp\/v2\/pages\/2570","targetHints":{"allow":["GET"]}}],"collection":[{"href":"https:\/\/cmie.ca\/fr\/wp-json\/wp\/v2\/pages"}],"about":[{"href":"https:\/\/cmie.ca\/fr\/wp-json\/wp\/v2\/types\/page"}],"author":[{"embeddable":true,"href":"https:\/\/cmie.ca\/fr\/wp-json\/wp\/v2\/users\/1"}],"replies":[{"embeddable":true,"href":"https:\/\/cmie.ca\/fr\/wp-json\/wp\/v2\/comments?post=2570"}],"version-history":[{"count":16,"href":"https:\/\/cmie.ca\/fr\/wp-json\/wp\/v2\/pages\/2570\/revisions"}],"predecessor-version":[{"id":3646,"href":"https:\/\/cmie.ca\/fr\/wp-json\/wp\/v2\/pages\/2570\/revisions\/3646"}],"wp:attachment":[{"href":"https:\/\/cmie.ca\/fr\/wp-json\/wp\/v2\/media?parent=2570"}],"curies":[{"name":"wp","href":"https:\/\/api.w.org\/{rel}","templated":true}]}}